{"id":15181,"date":"2026-04-27T15:08:28","date_gmt":"2026-04-27T15:08:28","guid":{"rendered":""},"modified":"2026-04-27T15:08:28","modified_gmt":"2026-04-27T15:08:28","slug":"objednat-nyni-ravak-sprchove-dvere-blsrv2k-90-lesk-transparent-15181","status":"publish","type":"product","link":"https:\/\/www.domstavpro.com\/index.php\/produkt\/objednat-nyni-ravak-sprchove-dvere-blsrv2k-90-lesk-transparent-15181\/","title":{"rendered":"Objednat Nyn\u00ed RAVAK Sprchov\u00e9 dve\u0159e BLSRV2K-90 lesk+Transparent"},"content":{"rendered":"<div id=\"e7825714\" class=\"pages\">\n<div>\n<div id=\"PDDescription\" class=\"UserContentView userContent v1a v1 bs-view dcon dc164 PDDescription\" ><dc-con><dc-con><bs-empty><\/bs-empty><\/dc-con><dc-con>        <\/p>\n<div class=\"customDescription\">                    <\/div>\n<p><\/dc-con><dc-con>1\/2 rohov\u00e9ho sprchov\u00e9ho koutu Blix Slim v proveden\u00ed leskl\u00fd chrom a s v\u00fdpln\u00ed z \u010dir\u00e9ho skla s ochrannou vrstvou Ravak AntiCalc\u00ae. Posuvn\u00fd syst\u00e9m otev\u00edr\u00e1n\u00ed. V\u00fdrobek je slo\u017een ze dvou sprchov\u00fdch dve\u0159\u00ed.<\/dc-con><\/dc-con><\/div>\n<div id=\"PDDescription2\" class=\"UserContentView userContent v1a v1 bs-view dcon dc165 PDDescription2\" >\n<ul>\n<li>rozm\u011br: 90 cm (1\/2 sprchov\u00e9ho koutu)<\/li>\n<li>barevn\u00e9 proveden\u00ed: leskl\u00fd chrom<\/li>\n<li>v\u00fdpl\u0148 z bezpe\u010dnostn\u00edho skla: 6 mm; Transparent<\/li>\n<li>v\u00fd\u0161ka v\u00fdrobku: 195 cm<\/li>\n<\/ul>\n<p>V\u00fdrobek je slo\u017een ze dvou sprchov\u00fdch dve\u0159\u00ed. Montuje se do oblo\u017een\u00e9ho rohu koupelny na vani\u010dky Ravak Angela, Perseus Pro, Perseus Pro Flat, Perseus Pro Chrome, Gigant, Gigant Pro, Gigant Pro Flat, Gigant Pro Chrome nebo p\u0159\u00edmo na podlahu se zabudovan\u00fdm odtokov\u00fdm \u017elabem \u010di podlahovou vpust\u00ed.<br \/><em>P\u0159ed mont\u00e1\u017e\u00ed v\u00fdrobku v\u011bnujte pozornost technick\u00fdm dokument\u016fm v z\u00e1lo\u017ece \u201eData ke sta\u017een\u00ed\u201c, \u010d\u00edslice uveden\u00e1 v n\u00e1zvu konkr\u00e9tn\u00edho v\u00fdrobku neud\u00e1v\u00e1 jeho p\u0159esn\u00fd rozm\u011br.<\/em><\/p>\n<\/div><\/div>\n<div id=\"PDTable3\" class=\"ProductDetailTableView v3a v3 bs-view dcon dc185 PDTable3\" >\n<table>\n<thead><\/thead>\n<tbody>\n<tr class=\"attribute attr_barva\">\n<td class=\"caption\">Barva<\/td>\n<td class=\"value\">Chrom<\/td>\n<\/tr>\n<tr class=\"attribute attr_material\">\n<td class=\"caption\">Materi\u00e1l<\/td>\n<td class=\"value\">Hlin\u00edk\/sklo<\/td>\n<\/tr>\n<tr class=\"attribute attr_Vyska\">\n<td class=\"caption\">V\u00fd\u0161ka v mm<\/td>\n<td class=\"value\">195<\/td>\n<\/tr>\n<tr class=\"weight\">\n<td class=\"caption\"><span>Hmotnost<\/span><\/td>\n<td class=\"value\"><span>32,00 kg<\/span><\/td>\n<\/tr>\n<\/tbody>\n<\/table>\n<\/div>\n<div id=\"ProductMedia\" class=\"ProductMediaView MediaViewBase v1a v1 bs-view dcon dc409 ProductMedia\" ><bs-empty><\/bs-empty><\/p>\n<div class=\"files\">\n<div class=\"title sub\">Soubory<\/div>\n<p><a href=\"\/media\/13786\/mn-blsrv2k.pdf?&amp;key=ZGpmIyQwNUZfMTM3ODY=\" class=\"pdf\">mn_blsrv2k.pdf<\/a><a href=\"\/media\/25605\/20231003114123-mn-blsrv2k.pdf?&amp;key=ZGpmIyQwNUZfMjU2MDU=\" class=\"pdf\">20231003114123.mn_blsrv2k.pdf<\/a><a href=\"\/media\/49585\/pov-shower-enclosures.zip?&amp;key=ZGpmIyQwNUZfNDk1ODU=\" class=\"zip\">pov_shower-enclosures.zip<\/a><\/div>\n<p><bs-empty><\/bs-empty><\/div>\n<\/div>\n<div id=\"e7825715\" class=\"tabs\">\n","protected":false},"excerpt":{"rendered":"<p>1\/2 rohov\u00e9ho sprchov\u00e9ho koutu Blix Slim v proveden\u00ed leskl\u00fd chrom a s v\u00fdpln\u00ed z \u010dir\u00e9ho skla s ochrannou vrstvou Ravak AntiCalc\u00ae. Posuvn\u00fd syst\u00e9m otev\u00edr\u00e1n\u00ed. V\u00fdrobek je slo\u017een ze dvou sprchov\u00fdch dve\u0159\u00ed. rozm\u011br: 90 cm (1\/2 sprchov\u00e9ho koutu) barevn\u00e9 proveden\u00ed: leskl\u00fd chrom v\u00fdpl\u0148 z bezpe\u010dnostn\u00edho skla: 6 mm; Transparent v\u00fd\u0161ka v\u00fdrobku: 195 cm V\u00fdrobek je slo\u017een [&hellip;]<\/p>\n","protected":false},"featured_media":15281,"comment_status":"open","ping_status":"open","template":"","meta":[],"product_brand":[],"product_cat":[61],"product_tag":[],"class_list":{"0":"post-15181","1":"product","2":"type-product","3":"status-publish","4":"has-post-thumbnail","6":"product_cat-vybaven-237-koupelny","8":"first","9":"instock","10":"sale","11":"shipping-taxable","12":"purchasable","13":"product-type-simple"},"yoast_head":"<!-- This site is optimized with the Yoast SEO plugin v26.8 - https:\/\/yoast.com\/product\/yoast-seo-wordpress\/ -->\n<title>Objednat Nyn\u00ed RAVAK Sprchov\u00e9 dve\u0159e BLSRV2K-90 lesk+Transparent -<\/title>\n<meta name=\"robots\" content=\"index, follow, max-snippet:-1, max-image-preview:large, max-video-preview:-1\" \/>\n<link rel=\"canonical\" href=\"https:\/\/www.domstavpro.com\/index.php\/produkt\/objednat-nyni-ravak-sprchove-dvere-blsrv2k-90-lesk-transparent-15181\/\" \/>\n<meta property=\"og:locale\" content=\"cs_CZ\" \/>\n<meta property=\"og:type\" content=\"article\" \/>\n<meta property=\"og:title\" content=\"Objednat Nyn\u00ed RAVAK Sprchov\u00e9 dve\u0159e BLSRV2K-90 lesk+Transparent -\" \/>\n<meta property=\"og:description\" content=\"1\/2 rohov\u00e9ho sprchov\u00e9ho koutu Blix Slim v proveden\u00ed leskl\u00fd chrom a s v\u00fdpln\u00ed z \u010dir\u00e9ho skla s ochrannou vrstvou Ravak AntiCalc\u00ae. Posuvn\u00fd syst\u00e9m otev\u00edr\u00e1n\u00ed. V\u00fdrobek je slo\u017een ze dvou sprchov\u00fdch dve\u0159\u00ed. rozm\u011br: 90 cm (1\/2 sprchov\u00e9ho koutu) barevn\u00e9 proveden\u00ed: leskl\u00fd chrom v\u00fdpl\u0148 z bezpe\u010dnostn\u00edho skla: 6 mm; Transparent v\u00fd\u0161ka v\u00fdrobku: 195 cm V\u00fdrobek je slo\u017een [&hellip;]\" \/>\n<meta property=\"og:url\" content=\"https:\/\/www.domstavpro.com\/index.php\/produkt\/objednat-nyni-ravak-sprchove-dvere-blsrv2k-90-lesk-transparent-15181\/\" \/>\n<meta property=\"og:image\" content=\"https:\/\/www.domstavpro.com\/wp-content\/uploads\/2026\/SK0026795-CZ20260425-093449-0-1777080896-ravak-sprchove-dvere-blsrv2k-90-lesk-transparent.webp\" \/>\n\t<meta property=\"og:image:width\" content=\"1000\" \/>\n\t<meta property=\"og:image:height\" content=\"525\" \/>\n\t<meta property=\"og:image:type\" content=\"image\/webp\" \/>\n<meta name=\"twitter:card\" content=\"summary_large_image\" \/>\n<meta name=\"twitter:label1\" content=\"Odhadovan\u00e1 doba \u010dten\u00ed\" \/>\n\t<meta name=\"twitter:data1\" content=\"1 minuta\" \/>\n<script type=\"application\/ld+json\" class=\"yoast-schema-graph\">{\"@context\":\"https:\/\/schema.org\",\"@graph\":[{\"@type\":\"WebPage\",\"@id\":\"https:\/\/www.domstavpro.com\/index.php\/produkt\/objednat-nyni-ravak-sprchove-dvere-blsrv2k-90-lesk-transparent-15181\/\",\"url\":\"https:\/\/www.domstavpro.com\/index.php\/produkt\/objednat-nyni-ravak-sprchove-dvere-blsrv2k-90-lesk-transparent-15181\/\",\"name\":\"Objednat Nyn\u00ed RAVAK Sprchov\u00e9 dve\u0159e BLSRV2K-90 lesk+Transparent -\",\"isPartOf\":{\"@id\":\"https:\/\/www.domstavpro.com\/#website\"},\"primaryImageOfPage\":{\"@id\":\"https:\/\/www.domstavpro.com\/index.php\/produkt\/objednat-nyni-ravak-sprchove-dvere-blsrv2k-90-lesk-transparent-15181\/#primaryimage\"},\"image\":{\"@id\":\"https:\/\/www.domstavpro.com\/index.php\/produkt\/objednat-nyni-ravak-sprchove-dvere-blsrv2k-90-lesk-transparent-15181\/#primaryimage\"},\"thumbnailUrl\":\"https:\/\/www.domstavpro.com\/wp-content\/uploads\/2026\/SK0026795-CZ20260425-093449-0-1777080896-ravak-sprchove-dvere-blsrv2k-90-lesk-transparent.webp\",\"datePublished\":\"2026-04-27T15:08:28+00:00\",\"breadcrumb\":{\"@id\":\"https:\/\/www.domstavpro.com\/index.php\/produkt\/objednat-nyni-ravak-sprchove-dvere-blsrv2k-90-lesk-transparent-15181\/#breadcrumb\"},\"inLanguage\":\"cs\",\"potentialAction\":[{\"@type\":\"ReadAction\",\"target\":[\"https:\/\/www.domstavpro.com\/index.php\/produkt\/objednat-nyni-ravak-sprchove-dvere-blsrv2k-90-lesk-transparent-15181\/\"]}]},{\"@type\":\"ImageObject\",\"inLanguage\":\"cs\",\"@id\":\"https:\/\/www.domstavpro.com\/index.php\/produkt\/objednat-nyni-ravak-sprchove-dvere-blsrv2k-90-lesk-transparent-15181\/#primaryimage\",\"url\":\"https:\/\/www.domstavpro.com\/wp-content\/uploads\/2026\/SK0026795-CZ20260425-093449-0-1777080896-ravak-sprchove-dvere-blsrv2k-90-lesk-transparent.webp\",\"contentUrl\":\"https:\/\/www.domstavpro.com\/wp-content\/uploads\/2026\/SK0026795-CZ20260425-093449-0-1777080896-ravak-sprchove-dvere-blsrv2k-90-lesk-transparent.webp\",\"width\":1000,\"height\":525},{\"@type\":\"BreadcrumbList\",\"@id\":\"https:\/\/www.domstavpro.com\/index.php\/produkt\/objednat-nyni-ravak-sprchove-dvere-blsrv2k-90-lesk-transparent-15181\/#breadcrumb\",\"itemListElement\":[{\"@type\":\"ListItem\",\"position\":1,\"name\":\"Home\",\"item\":\"https:\/\/www.domstavpro.com\/\"},{\"@type\":\"ListItem\",\"position\":2,\"name\":\"Products\",\"item\":\"https:\/\/www.domstavpro.com\/index.php\/products\/\"},{\"@type\":\"ListItem\",\"position\":3,\"name\":\"Objednat Nyn\u00ed RAVAK Sprchov\u00e9 dve\u0159e BLSRV2K-90 lesk+Transparent\"}]},{\"@type\":\"WebSite\",\"@id\":\"https:\/\/www.domstavpro.com\/#website\",\"url\":\"https:\/\/www.domstavpro.com\/\",\"name\":\"\",\"description\":\"\",\"potentialAction\":[{\"@type\":\"SearchAction\",\"target\":{\"@type\":\"EntryPoint\",\"urlTemplate\":\"https:\/\/www.domstavpro.com\/?s={search_term_string}\"},\"query-input\":{\"@type\":\"PropertyValueSpecification\",\"valueRequired\":true,\"valueName\":\"search_term_string\"}}],\"inLanguage\":\"cs\"}]}<\/script>\n<!-- \/ Yoast SEO plugin. -->","yoast_head_json":{"title":"Objednat Nyn\u00ed RAVAK Sprchov\u00e9 dve\u0159e BLSRV2K-90 lesk+Transparent -","robots":{"index":"index","follow":"follow","max-snippet":"max-snippet:-1","max-image-preview":"max-image-preview:large","max-video-preview":"max-video-preview:-1"},"canonical":"https:\/\/www.domstavpro.com\/index.php\/produkt\/objednat-nyni-ravak-sprchove-dvere-blsrv2k-90-lesk-transparent-15181\/","og_locale":"cs_CZ","og_type":"article","og_title":"Objednat Nyn\u00ed RAVAK Sprchov\u00e9 dve\u0159e BLSRV2K-90 lesk+Transparent -","og_description":"1\/2 rohov\u00e9ho sprchov\u00e9ho koutu Blix Slim v proveden\u00ed leskl\u00fd chrom a s v\u00fdpln\u00ed z \u010dir\u00e9ho skla s ochrannou vrstvou Ravak AntiCalc\u00ae. Posuvn\u00fd syst\u00e9m otev\u00edr\u00e1n\u00ed. V\u00fdrobek je slo\u017een ze dvou sprchov\u00fdch dve\u0159\u00ed. rozm\u011br: 90 cm (1\/2 sprchov\u00e9ho koutu) barevn\u00e9 proveden\u00ed: leskl\u00fd chrom v\u00fdpl\u0148 z bezpe\u010dnostn\u00edho skla: 6 mm; Transparent v\u00fd\u0161ka v\u00fdrobku: 195 cm V\u00fdrobek je slo\u017een [&hellip;]","og_url":"https:\/\/www.domstavpro.com\/index.php\/produkt\/objednat-nyni-ravak-sprchove-dvere-blsrv2k-90-lesk-transparent-15181\/","og_image":[{"width":1000,"height":525,"url":"https:\/\/www.domstavpro.com\/wp-content\/uploads\/2026\/SK0026795-CZ20260425-093449-0-1777080896-ravak-sprchove-dvere-blsrv2k-90-lesk-transparent.webp","type":"image\/webp"}],"twitter_card":"summary_large_image","twitter_misc":{"Odhadovan\u00e1 doba \u010dten\u00ed":"1 minuta"},"schema":{"@context":"https:\/\/schema.org","@graph":[{"@type":"WebPage","@id":"https:\/\/www.domstavpro.com\/index.php\/produkt\/objednat-nyni-ravak-sprchove-dvere-blsrv2k-90-lesk-transparent-15181\/","url":"https:\/\/www.domstavpro.com\/index.php\/produkt\/objednat-nyni-ravak-sprchove-dvere-blsrv2k-90-lesk-transparent-15181\/","name":"Objednat Nyn\u00ed RAVAK Sprchov\u00e9 dve\u0159e BLSRV2K-90 lesk+Transparent -","isPartOf":{"@id":"https:\/\/www.domstavpro.com\/#website"},"primaryImageOfPage":{"@id":"https:\/\/www.domstavpro.com\/index.php\/produkt\/objednat-nyni-ravak-sprchove-dvere-blsrv2k-90-lesk-transparent-15181\/#primaryimage"},"image":{"@id":"https:\/\/www.domstavpro.com\/index.php\/produkt\/objednat-nyni-ravak-sprchove-dvere-blsrv2k-90-lesk-transparent-15181\/#primaryimage"},"thumbnailUrl":"https:\/\/www.domstavpro.com\/wp-content\/uploads\/2026\/SK0026795-CZ20260425-093449-0-1777080896-ravak-sprchove-dvere-blsrv2k-90-lesk-transparent.webp","datePublished":"2026-04-27T15:08:28+00:00","breadcrumb":{"@id":"https:\/\/www.domstavpro.com\/index.php\/produkt\/objednat-nyni-ravak-sprchove-dvere-blsrv2k-90-lesk-transparent-15181\/#breadcrumb"},"inLanguage":"cs","potentialAction":[{"@type":"ReadAction","target":["https:\/\/www.domstavpro.com\/index.php\/produkt\/objednat-nyni-ravak-sprchove-dvere-blsrv2k-90-lesk-transparent-15181\/"]}]},{"@type":"ImageObject","inLanguage":"cs","@id":"https:\/\/www.domstavpro.com\/index.php\/produkt\/objednat-nyni-ravak-sprchove-dvere-blsrv2k-90-lesk-transparent-15181\/#primaryimage","url":"https:\/\/www.domstavpro.com\/wp-content\/uploads\/2026\/SK0026795-CZ20260425-093449-0-1777080896-ravak-sprchove-dvere-blsrv2k-90-lesk-transparent.webp","contentUrl":"https:\/\/www.domstavpro.com\/wp-content\/uploads\/2026\/SK0026795-CZ20260425-093449-0-1777080896-ravak-sprchove-dvere-blsrv2k-90-lesk-transparent.webp","width":1000,"height":525},{"@type":"BreadcrumbList","@id":"https:\/\/www.domstavpro.com\/index.php\/produkt\/objednat-nyni-ravak-sprchove-dvere-blsrv2k-90-lesk-transparent-15181\/#breadcrumb","itemListElement":[{"@type":"ListItem","position":1,"name":"Home","item":"https:\/\/www.domstavpro.com\/"},{"@type":"ListItem","position":2,"name":"Products","item":"https:\/\/www.domstavpro.com\/index.php\/products\/"},{"@type":"ListItem","position":3,"name":"Objednat Nyn\u00ed RAVAK Sprchov\u00e9 dve\u0159e BLSRV2K-90 lesk+Transparent"}]},{"@type":"WebSite","@id":"https:\/\/www.domstavpro.com\/#website","url":"https:\/\/www.domstavpro.com\/","name":"","description":"","potentialAction":[{"@type":"SearchAction","target":{"@type":"EntryPoint","urlTemplate":"https:\/\/www.domstavpro.com\/?s={search_term_string}"},"query-input":{"@type":"PropertyValueSpecification","valueRequired":true,"valueName":"search_term_string"}}],"inLanguage":"cs"}]}},"_links":{"self":[{"href":"https:\/\/www.domstavpro.com\/index.php\/wp-json\/wp\/v2\/product\/15181","targetHints":{"allow":["GET"]}}],"collection":[{"href":"https:\/\/www.domstavpro.com\/index.php\/wp-json\/wp\/v2\/product"}],"about":[{"href":"https:\/\/www.domstavpro.com\/index.php\/wp-json\/wp\/v2\/types\/product"}],"replies":[{"embeddable":true,"href":"https:\/\/www.domstavpro.com\/index.php\/wp-json\/wp\/v2\/comments?post=15181"}],"wp:featuredmedia":[{"embeddable":true,"href":"https:\/\/www.domstavpro.com\/index.php\/wp-json\/wp\/v2\/media\/15281"}],"wp:attachment":[{"href":"https:\/\/www.domstavpro.com\/index.php\/wp-json\/wp\/v2\/media?parent=15181"}],"wp:term":[{"taxonomy":"product_brand","embeddable":true,"href":"https:\/\/www.domstavpro.com\/index.php\/wp-json\/wp\/v2\/product_brand?post=15181"},{"taxonomy":"product_cat","embeddable":true,"href":"https:\/\/www.domstavpro.com\/index.php\/wp-json\/wp\/v2\/product_cat?post=15181"},{"taxonomy":"product_tag","embeddable":true,"href":"https:\/\/www.domstavpro.com\/index.php\/wp-json\/wp\/v2\/product_tag?post=15181"}],"curies":[{"name":"wp","href":"https:\/\/api.w.org\/{rel}","templated":true}]}}