{"id":15171,"date":"2026-04-27T15:08:28","date_gmt":"2026-04-27T15:08:28","guid":{"rendered":""},"modified":"2026-04-27T15:08:28","modified_gmt":"2026-04-27T15:08:28","slug":"ravak-pevna-stena-apss-90-198-bila-pearl-dokud-zasoby-vydrzi-15171","status":"publish","type":"product","link":"https:\/\/www.domstavpro.com\/index.php\/produkt\/ravak-pevna-stena-apss-90-198-bila-pearl-dokud-zasoby-vydrzi-15171\/","title":{"rendered":"RAVAK pevn\u00e1 st\u011bna APSS-90 198 b\u00edl\u00e1+pearl Dokud Z\u00e1soby Vydr\u017e\u00ed"},"content":{"rendered":"<div id=\"e7820332\" class=\"pages\">\n<div>\n<div id=\"PDDescription\" class=\"UserContentView userContent v1a v1 bs-view dcon dc164 PDDescription\" ><dc-con><dc-con><bs-empty><\/bs-empty><\/dc-con><dc-con>        <\/p>\n<div class=\"customDescription\">                    <\/div>\n<p><\/dc-con><dc-con>Jednod\u00edln\u00e1 pevn\u00e1 st\u011bna Supernova v b\u00edl\u00e9m proveden\u00ed a s v\u00fdpln\u00ed z nepr\u016fhledn\u00e9ho plastu s dekorem Pearl.<\/dc-con><\/dc-con><\/div>\n<div id=\"PDDescription2\" class=\"UserContentView userContent v1a v1 bs-view dcon dc165 PDDescription2\" >\n<ul>\n<li>rozm\u011br: 90 cm<\/li>\n<li>barevn\u00e9 proveden\u00ed: b\u00edl\u00e1<\/li>\n<li>v\u00fdpl\u0148 z um\u011bl\u00e9 hmoty: 3 mm; Pearl<\/li>\n<li>v\u00fd\u0161ka v\u00fdrobku: 198 cm<\/li>\n<\/ul>\n<p>V\u00fdrobek se skl\u00e1d\u00e1 z jednoho pevn\u00e9ho d\u00edlu a nen\u00ed ur\u010den k samostatn\u00e9mu pou\u017eit\u00ed. Sou\u010d\u00e1st\u00ed balen\u00ed je rohov\u00fd spojovac\u00ed profil pro p\u0159ipojen\u00ed ke sprchov\u00fdm dve\u0159\u00edm \u010di sprchov\u00e9mu koutu. K uchycen\u00ed na st\u011bnu se pou\u017eije ustavovac\u00ed profil, kter\u00fd obsahuje balen\u00ed sprchov\u00fdch dve\u0159\u00ed \u010di koutu. P\u0159\u00edpadn\u00e9 nerovnosti stavebn\u00edho otvoru lze kompenzovat pomoc\u00ed nastavovac\u00edch profil\u016f ANPS. Pevn\u00e1 st\u011bna APSS se d\u00e1 kombinovat se sprchov\u00fdmi dve\u0159mi ASDP3 (s v\u00fd\u0161kou 1980 mm) k vytvo\u0159en\u00ed sprchov\u00e9ho koutu tvaru \u201eL\u201c. Pomoc\u00ed dvou pevn\u00fdch st\u011bn APSS a sprchov\u00fdch dve\u0159\u00ed ASDP3 vytvo\u0159\u00edte sprchov\u00fd kout ve tvaru \u201eU\u201c. <\/p>\n<p><em>P\u0159ed mont\u00e1\u017e\u00ed v\u00fdrobku v\u011bnujte pozornost technick\u00fdm dokument\u016fm v z\u00e1lo\u017ece &#8222;Data ke sta\u017een\u00ed&#8220;, \u010d\u00edslice uveden\u00e1 v n\u00e1zvu konkr\u00e9tn\u00edho v\u00fdrobku, neud\u00e1v\u00e1 jeho p\u0159esn\u00fd rozm\u011br.<\/em><\/p>\n<\/div><\/div>\n<div id=\"PDTable3\" class=\"ProductDetailTableView v3a v3 bs-view dcon dc185 PDTable3\" >\n<table>\n<thead><\/thead>\n<tbody>\n<tr class=\"attribute attr_barva\">\n<td class=\"caption\">Barva<\/td>\n<td class=\"value\">B\u00edl\u00e1<\/td>\n<\/tr>\n<tr class=\"attribute attr_delka\">\n<td class=\"caption\">D\u00e9lka v mm<\/td>\n<td class=\"value\">87-90,5<\/td>\n<\/tr>\n<tr class=\"attribute attr_material\">\n<td class=\"caption\">Materi\u00e1l<\/td>\n<td class=\"value\">Hlin\u00edk\/plast<\/td>\n<\/tr>\n<tr class=\"attribute attr_sirka\">\n<td class=\"caption\">\u0160\u00ed\u0159ka v mm<\/td>\n<td class=\"value\">3<\/td>\n<\/tr>\n<tr class=\"attribute attr_Vyska\">\n<td class=\"caption\">V\u00fd\u0161ka v mm<\/td>\n<td class=\"value\">198<\/td>\n<\/tr>\n<tr class=\"weight\">\n<td class=\"caption\"><span>Hmotnost<\/span><\/td>\n<td class=\"value\"><span>9,02 kg<\/span><\/td>\n<\/tr>\n<\/tbody>\n<\/table>\n<\/div>\n<div id=\"ProductMedia\" class=\"ProductMediaView MediaViewBase v1a v1 bs-view dcon dc409 ProductMedia\" ><bs-empty><\/bs-empty><\/p>\n<div class=\"files\">\n<div class=\"title sub\">Soubory<\/div>\n<p><a href=\"\/media\/13767\/pov-shower-enclosures.zip?&amp;key=ZGpmIyQwNUZfMTM3Njc=\" class=\"zip\">pov_shower-enclosures.zip<\/a><a href=\"\/media\/13768\/mn-apss-apsv-pss.pdf?&amp;key=ZGpmIyQwNUZfMTM3Njg=\" class=\"pdf\">mn_apss-apsv-pss.pdf<\/a><a href=\"\/media\/26074\/20231003114153-pov-shower-enclosures.zip?&amp;key=ZGpmIyQwNUZfMjYwNzQ=\" class=\"zip\">20231003114153.pov_shower-enclosures.zip<\/a><a href=\"\/media\/26075\/20231003114153-mn-apss-apsv-pss.pdf?&amp;key=ZGpmIyQwNUZfMjYwNzU=\" class=\"pdf\">20231003114153.mn_apss-apsv-pss.pdf<\/a><\/div>\n<p><bs-empty><\/bs-empty><\/div>\n<\/div>\n<div id=\"e7820333\" class=\"tabs\">\n","protected":false},"excerpt":{"rendered":"<p>Jednod\u00edln\u00e1 pevn\u00e1 st\u011bna Supernova v b\u00edl\u00e9m proveden\u00ed a s v\u00fdpln\u00ed z nepr\u016fhledn\u00e9ho plastu s dekorem Pearl. rozm\u011br: 90 cm barevn\u00e9 proveden\u00ed: b\u00edl\u00e1 v\u00fdpl\u0148 z um\u011bl\u00e9 hmoty: 3 mm; Pearl v\u00fd\u0161ka v\u00fdrobku: 198 cm V\u00fdrobek se skl\u00e1d\u00e1 z jednoho pevn\u00e9ho d\u00edlu a nen\u00ed ur\u010den k samostatn\u00e9mu pou\u017eit\u00ed. Sou\u010d\u00e1st\u00ed balen\u00ed je rohov\u00fd spojovac\u00ed profil pro p\u0159ipojen\u00ed ke [&hellip;]<\/p>\n","protected":false},"featured_media":15271,"comment_status":"open","ping_status":"open","template":"","meta":[],"product_brand":[],"product_cat":[61],"product_tag":[],"class_list":{"0":"post-15171","1":"product","2":"type-product","3":"status-publish","4":"has-post-thumbnail","6":"product_cat-vybaven-237-koupelny","8":"first","9":"instock","10":"sale","11":"shipping-taxable","12":"purchasable","13":"product-type-simple"},"yoast_head":"<!-- This site is optimized with the Yoast SEO plugin v26.8 - https:\/\/yoast.com\/product\/yoast-seo-wordpress\/ -->\n<title>RAVAK pevn\u00e1 st\u011bna APSS-90 198 b\u00edl\u00e1+pearl Dokud Z\u00e1soby Vydr\u017e\u00ed -<\/title>\n<meta name=\"robots\" content=\"index, follow, max-snippet:-1, max-image-preview:large, max-video-preview:-1\" \/>\n<link rel=\"canonical\" href=\"https:\/\/www.domstavpro.com\/index.php\/produkt\/ravak-pevna-stena-apss-90-198-bila-pearl-dokud-zasoby-vydrzi-15171\/\" \/>\n<meta property=\"og:locale\" content=\"cs_CZ\" \/>\n<meta property=\"og:type\" content=\"article\" \/>\n<meta property=\"og:title\" content=\"RAVAK pevn\u00e1 st\u011bna APSS-90 198 b\u00edl\u00e1+pearl Dokud Z\u00e1soby Vydr\u017e\u00ed -\" \/>\n<meta property=\"og:description\" content=\"Jednod\u00edln\u00e1 pevn\u00e1 st\u011bna Supernova v b\u00edl\u00e9m proveden\u00ed a s v\u00fdpln\u00ed z nepr\u016fhledn\u00e9ho plastu s dekorem Pearl. rozm\u011br: 90 cm barevn\u00e9 proveden\u00ed: b\u00edl\u00e1 v\u00fdpl\u0148 z um\u011bl\u00e9 hmoty: 3 mm; Pearl v\u00fd\u0161ka v\u00fdrobku: 198 cm V\u00fdrobek se skl\u00e1d\u00e1 z jednoho pevn\u00e9ho d\u00edlu a nen\u00ed ur\u010den k samostatn\u00e9mu pou\u017eit\u00ed. Sou\u010d\u00e1st\u00ed balen\u00ed je rohov\u00fd spojovac\u00ed profil pro p\u0159ipojen\u00ed ke [&hellip;]\" \/>\n<meta property=\"og:url\" content=\"https:\/\/www.domstavpro.com\/index.php\/produkt\/ravak-pevna-stena-apss-90-198-bila-pearl-dokud-zasoby-vydrzi-15171\/\" \/>\n<meta property=\"og:image\" content=\"https:\/\/www.domstavpro.com\/wp-content\/uploads\/2026\/SK0026785-CZ20260425-093449-0-1777080896-ravak-pevna-stena-apss-90-198-bila-pearl.webp\" \/>\n\t<meta property=\"og:image:width\" content=\"1000\" \/>\n\t<meta property=\"og:image:height\" content=\"525\" \/>\n\t<meta property=\"og:image:type\" content=\"image\/webp\" \/>\n<meta name=\"twitter:card\" content=\"summary_large_image\" \/>\n<meta name=\"twitter:label1\" content=\"Odhadovan\u00e1 doba \u010dten\u00ed\" \/>\n\t<meta name=\"twitter:data1\" content=\"1 minuta\" \/>\n<script type=\"application\/ld+json\" class=\"yoast-schema-graph\">{\"@context\":\"https:\/\/schema.org\",\"@graph\":[{\"@type\":\"WebPage\",\"@id\":\"https:\/\/www.domstavpro.com\/index.php\/produkt\/ravak-pevna-stena-apss-90-198-bila-pearl-dokud-zasoby-vydrzi-15171\/\",\"url\":\"https:\/\/www.domstavpro.com\/index.php\/produkt\/ravak-pevna-stena-apss-90-198-bila-pearl-dokud-zasoby-vydrzi-15171\/\",\"name\":\"RAVAK pevn\u00e1 st\u011bna APSS-90 198 b\u00edl\u00e1+pearl Dokud Z\u00e1soby Vydr\u017e\u00ed -\",\"isPartOf\":{\"@id\":\"https:\/\/www.domstavpro.com\/#website\"},\"primaryImageOfPage\":{\"@id\":\"https:\/\/www.domstavpro.com\/index.php\/produkt\/ravak-pevna-stena-apss-90-198-bila-pearl-dokud-zasoby-vydrzi-15171\/#primaryimage\"},\"image\":{\"@id\":\"https:\/\/www.domstavpro.com\/index.php\/produkt\/ravak-pevna-stena-apss-90-198-bila-pearl-dokud-zasoby-vydrzi-15171\/#primaryimage\"},\"thumbnailUrl\":\"https:\/\/www.domstavpro.com\/wp-content\/uploads\/2026\/SK0026785-CZ20260425-093449-0-1777080896-ravak-pevna-stena-apss-90-198-bila-pearl.webp\",\"datePublished\":\"2026-04-27T15:08:28+00:00\",\"breadcrumb\":{\"@id\":\"https:\/\/www.domstavpro.com\/index.php\/produkt\/ravak-pevna-stena-apss-90-198-bila-pearl-dokud-zasoby-vydrzi-15171\/#breadcrumb\"},\"inLanguage\":\"cs\",\"potentialAction\":[{\"@type\":\"ReadAction\",\"target\":[\"https:\/\/www.domstavpro.com\/index.php\/produkt\/ravak-pevna-stena-apss-90-198-bila-pearl-dokud-zasoby-vydrzi-15171\/\"]}]},{\"@type\":\"ImageObject\",\"inLanguage\":\"cs\",\"@id\":\"https:\/\/www.domstavpro.com\/index.php\/produkt\/ravak-pevna-stena-apss-90-198-bila-pearl-dokud-zasoby-vydrzi-15171\/#primaryimage\",\"url\":\"https:\/\/www.domstavpro.com\/wp-content\/uploads\/2026\/SK0026785-CZ20260425-093449-0-1777080896-ravak-pevna-stena-apss-90-198-bila-pearl.webp\",\"contentUrl\":\"https:\/\/www.domstavpro.com\/wp-content\/uploads\/2026\/SK0026785-CZ20260425-093449-0-1777080896-ravak-pevna-stena-apss-90-198-bila-pearl.webp\",\"width\":1000,\"height\":525},{\"@type\":\"BreadcrumbList\",\"@id\":\"https:\/\/www.domstavpro.com\/index.php\/produkt\/ravak-pevna-stena-apss-90-198-bila-pearl-dokud-zasoby-vydrzi-15171\/#breadcrumb\",\"itemListElement\":[{\"@type\":\"ListItem\",\"position\":1,\"name\":\"Home\",\"item\":\"https:\/\/www.domstavpro.com\/\"},{\"@type\":\"ListItem\",\"position\":2,\"name\":\"Products\",\"item\":\"https:\/\/www.domstavpro.com\/index.php\/products\/\"},{\"@type\":\"ListItem\",\"position\":3,\"name\":\"RAVAK pevn\u00e1 st\u011bna APSS-90 198 b\u00edl\u00e1+pearl Dokud Z\u00e1soby Vydr\u017e\u00ed\"}]},{\"@type\":\"WebSite\",\"@id\":\"https:\/\/www.domstavpro.com\/#website\",\"url\":\"https:\/\/www.domstavpro.com\/\",\"name\":\"\",\"description\":\"\",\"potentialAction\":[{\"@type\":\"SearchAction\",\"target\":{\"@type\":\"EntryPoint\",\"urlTemplate\":\"https:\/\/www.domstavpro.com\/?s={search_term_string}\"},\"query-input\":{\"@type\":\"PropertyValueSpecification\",\"valueRequired\":true,\"valueName\":\"search_term_string\"}}],\"inLanguage\":\"cs\"}]}<\/script>\n<!-- \/ Yoast SEO plugin. -->","yoast_head_json":{"title":"RAVAK pevn\u00e1 st\u011bna APSS-90 198 b\u00edl\u00e1+pearl Dokud Z\u00e1soby Vydr\u017e\u00ed -","robots":{"index":"index","follow":"follow","max-snippet":"max-snippet:-1","max-image-preview":"max-image-preview:large","max-video-preview":"max-video-preview:-1"},"canonical":"https:\/\/www.domstavpro.com\/index.php\/produkt\/ravak-pevna-stena-apss-90-198-bila-pearl-dokud-zasoby-vydrzi-15171\/","og_locale":"cs_CZ","og_type":"article","og_title":"RAVAK pevn\u00e1 st\u011bna APSS-90 198 b\u00edl\u00e1+pearl Dokud Z\u00e1soby Vydr\u017e\u00ed -","og_description":"Jednod\u00edln\u00e1 pevn\u00e1 st\u011bna Supernova v b\u00edl\u00e9m proveden\u00ed a s v\u00fdpln\u00ed z nepr\u016fhledn\u00e9ho plastu s dekorem Pearl. rozm\u011br: 90 cm barevn\u00e9 proveden\u00ed: b\u00edl\u00e1 v\u00fdpl\u0148 z um\u011bl\u00e9 hmoty: 3 mm; Pearl v\u00fd\u0161ka v\u00fdrobku: 198 cm V\u00fdrobek se skl\u00e1d\u00e1 z jednoho pevn\u00e9ho d\u00edlu a nen\u00ed ur\u010den k samostatn\u00e9mu pou\u017eit\u00ed. Sou\u010d\u00e1st\u00ed balen\u00ed je rohov\u00fd spojovac\u00ed profil pro p\u0159ipojen\u00ed ke [&hellip;]","og_url":"https:\/\/www.domstavpro.com\/index.php\/produkt\/ravak-pevna-stena-apss-90-198-bila-pearl-dokud-zasoby-vydrzi-15171\/","og_image":[{"width":1000,"height":525,"url":"https:\/\/www.domstavpro.com\/wp-content\/uploads\/2026\/SK0026785-CZ20260425-093449-0-1777080896-ravak-pevna-stena-apss-90-198-bila-pearl.webp","type":"image\/webp"}],"twitter_card":"summary_large_image","twitter_misc":{"Odhadovan\u00e1 doba \u010dten\u00ed":"1 minuta"},"schema":{"@context":"https:\/\/schema.org","@graph":[{"@type":"WebPage","@id":"https:\/\/www.domstavpro.com\/index.php\/produkt\/ravak-pevna-stena-apss-90-198-bila-pearl-dokud-zasoby-vydrzi-15171\/","url":"https:\/\/www.domstavpro.com\/index.php\/produkt\/ravak-pevna-stena-apss-90-198-bila-pearl-dokud-zasoby-vydrzi-15171\/","name":"RAVAK pevn\u00e1 st\u011bna APSS-90 198 b\u00edl\u00e1+pearl Dokud Z\u00e1soby Vydr\u017e\u00ed -","isPartOf":{"@id":"https:\/\/www.domstavpro.com\/#website"},"primaryImageOfPage":{"@id":"https:\/\/www.domstavpro.com\/index.php\/produkt\/ravak-pevna-stena-apss-90-198-bila-pearl-dokud-zasoby-vydrzi-15171\/#primaryimage"},"image":{"@id":"https:\/\/www.domstavpro.com\/index.php\/produkt\/ravak-pevna-stena-apss-90-198-bila-pearl-dokud-zasoby-vydrzi-15171\/#primaryimage"},"thumbnailUrl":"https:\/\/www.domstavpro.com\/wp-content\/uploads\/2026\/SK0026785-CZ20260425-093449-0-1777080896-ravak-pevna-stena-apss-90-198-bila-pearl.webp","datePublished":"2026-04-27T15:08:28+00:00","breadcrumb":{"@id":"https:\/\/www.domstavpro.com\/index.php\/produkt\/ravak-pevna-stena-apss-90-198-bila-pearl-dokud-zasoby-vydrzi-15171\/#breadcrumb"},"inLanguage":"cs","potentialAction":[{"@type":"ReadAction","target":["https:\/\/www.domstavpro.com\/index.php\/produkt\/ravak-pevna-stena-apss-90-198-bila-pearl-dokud-zasoby-vydrzi-15171\/"]}]},{"@type":"ImageObject","inLanguage":"cs","@id":"https:\/\/www.domstavpro.com\/index.php\/produkt\/ravak-pevna-stena-apss-90-198-bila-pearl-dokud-zasoby-vydrzi-15171\/#primaryimage","url":"https:\/\/www.domstavpro.com\/wp-content\/uploads\/2026\/SK0026785-CZ20260425-093449-0-1777080896-ravak-pevna-stena-apss-90-198-bila-pearl.webp","contentUrl":"https:\/\/www.domstavpro.com\/wp-content\/uploads\/2026\/SK0026785-CZ20260425-093449-0-1777080896-ravak-pevna-stena-apss-90-198-bila-pearl.webp","width":1000,"height":525},{"@type":"BreadcrumbList","@id":"https:\/\/www.domstavpro.com\/index.php\/produkt\/ravak-pevna-stena-apss-90-198-bila-pearl-dokud-zasoby-vydrzi-15171\/#breadcrumb","itemListElement":[{"@type":"ListItem","position":1,"name":"Home","item":"https:\/\/www.domstavpro.com\/"},{"@type":"ListItem","position":2,"name":"Products","item":"https:\/\/www.domstavpro.com\/index.php\/products\/"},{"@type":"ListItem","position":3,"name":"RAVAK pevn\u00e1 st\u011bna APSS-90 198 b\u00edl\u00e1+pearl Dokud Z\u00e1soby Vydr\u017e\u00ed"}]},{"@type":"WebSite","@id":"https:\/\/www.domstavpro.com\/#website","url":"https:\/\/www.domstavpro.com\/","name":"","description":"","potentialAction":[{"@type":"SearchAction","target":{"@type":"EntryPoint","urlTemplate":"https:\/\/www.domstavpro.com\/?s={search_term_string}"},"query-input":{"@type":"PropertyValueSpecification","valueRequired":true,"valueName":"search_term_string"}}],"inLanguage":"cs"}]}},"_links":{"self":[{"href":"https:\/\/www.domstavpro.com\/index.php\/wp-json\/wp\/v2\/product\/15171","targetHints":{"allow":["GET"]}}],"collection":[{"href":"https:\/\/www.domstavpro.com\/index.php\/wp-json\/wp\/v2\/product"}],"about":[{"href":"https:\/\/www.domstavpro.com\/index.php\/wp-json\/wp\/v2\/types\/product"}],"replies":[{"embeddable":true,"href":"https:\/\/www.domstavpro.com\/index.php\/wp-json\/wp\/v2\/comments?post=15171"}],"wp:featuredmedia":[{"embeddable":true,"href":"https:\/\/www.domstavpro.com\/index.php\/wp-json\/wp\/v2\/media\/15271"}],"wp:attachment":[{"href":"https:\/\/www.domstavpro.com\/index.php\/wp-json\/wp\/v2\/media?parent=15171"}],"wp:term":[{"taxonomy":"product_brand","embeddable":true,"href":"https:\/\/www.domstavpro.com\/index.php\/wp-json\/wp\/v2\/product_brand?post=15171"},{"taxonomy":"product_cat","embeddable":true,"href":"https:\/\/www.domstavpro.com\/index.php\/wp-json\/wp\/v2\/product_cat?post=15171"},{"taxonomy":"product_tag","embeddable":true,"href":"https:\/\/www.domstavpro.com\/index.php\/wp-json\/wp\/v2\/product_tag?post=15171"}],"curies":[{"name":"wp","href":"https:\/\/api.w.org\/{rel}","templated":true}]}}