{"id":15128,"date":"2026-04-27T15:08:28","date_gmt":"2026-04-27T15:08:28","guid":{"rendered":""},"modified":"2026-04-27T15:08:28","modified_gmt":"2026-04-27T15:08:28","slug":"znackovy-topna-tyc-ht2-rk-15128","status":"publish","type":"product","link":"https:\/\/www.domstavpro.com\/index.php\/produkt\/znackovy-topna-tyc-ht2-rk-15128\/","title":{"rendered":"Zna\u010dkov\u00fd Topn\u00e1 ty\u010d HT2-RK"},"content":{"rendered":"<div id=\"e7789770\" class=\"pages\">\n<div>\n<div id=\"PDDescription\" class=\"UserContentView userContent v1a v1 bs-view dcon dc164 PDDescription\" ><dc-con><dc-con><bs-empty><\/bs-empty><\/dc-con><dc-con>        <\/p>\n<div class=\"customDescription\">\n<p><span style=\"color: #ff0000;\"><strong>Na v\u0161echny koupelnov\u00e9 radi\u00e1tory zna\u010dky P.M.H. po\u017eadujeme 50% z\u00e1lohu!!<br \/><\/strong><\/span><\/p>\n<\/p><\/div>\n<p><\/dc-con><dc-con><\/p>\n<p>Topn\u00e1 ty\u010d s rovn\u00fdm kabelem bez ukon\u010den\u00ed.<\/p>\n<ul>\n<li>4stup\u0148ov\u00e1 regulace teploty v rozsahu 30\u00b0\u201360 \u00b0C<\/li>\n<li>\u010dasova\u010d START\u2013STOP \u2013 po 2 hodin\u00e1ch se elektrick\u00e9 topn\u00e9 t\u011bleso automaticky vypne (aktivace podr\u017een\u00edm tla\u010d\u00edtka \u201etimer\u201c po dobu cca 4 sekund)<\/li>\n<li>\u010dasova\u010d TURBO \u2013 po 2 hodin\u00e1ch se elektrick\u00e9 topn\u00e9 t\u011bleso vr\u00e1t\u00ed k p\u0159edchoz\u00edmu nastaven\u00ed (aktivace stisknut\u00edm tla\u010d\u00edtka \u201etimer\u201c)<\/li>\n<li>dvoustup\u0148ov\u00e1 ochrana proti p\u0159eh\u0159\u00e1t\u00ed<\/li>\n<li>n\u00edzk\u00e1 spot\u0159eba energie v pohotovostn\u00edm re\u017eimu (Ultra-Low-Power)<\/li>\n<li>funkce ANTIFREEZE (ochrana proti zamrznut\u00ed kapaliny uvnit\u0159 radi\u00e1toru)<\/li>\n<li>inteligentn\u00ed \u0159\u00edzen\u00ed provozu \u2013 mikroprocesorov\u00e9 ovl\u00e1d\u00e1n\u00ed<\/li>\n<li>vizualizace pomoc\u00ed barevn\u00e9 LED technologie<\/li>\n<li>mo\u017enost nato\u010den\u00ed ovlada\u010de v rozsahu 0\u00b0\u2013330\u00b0<\/li>\n<\/ul>\n<p>jmenovit\u00e9 nap\u011bt\u00ed:&nbsp; 230 V, 50 Hz<\/p>\n<p>t\u0159\u00edda izolace:&nbsp; T\u0159\u00edda I<\/p>\n<p>stupe\u0148 kryt\u00ed: IPX4<\/p>\n<p>&nbsp;<\/p>\n<p><sup>Nen\u00ed mo\u017en\u00e9 pou\u017e\u00edt u horizont\u00e1ln\u00edho radi\u00e1toru Rosendal.<\/sup><\/p>\n<p><\/dc-con><\/dc-con><\/div>\n<\/p><\/div>\n<div id=\"PDTable3\" class=\"ProductDetailTableView v3a v3 bs-view dcon dc185 PDTable3\" >\n<table>\n<thead><\/thead>\n<tbody>\n<tr class=\"attribute attr_typ\">\n<td class=\"caption\">Typ<\/td>\n<td class=\"value\">Elektrick\u00e1 topn\u00e1 t\u011blesa<\/td>\n<\/tr>\n<tr class=\"attribute attr_bsshop_maker\">\n<td class=\"caption\">V\u00fdrobce<\/td>\n<td class=\"value\">P.M.H. Invest &#038; Trade s.r.o.<\/td>\n<\/tr>\n<tr class=\"attribute attr_Roztec attr_pripojeni attr_v attr_mm\">\n<td class=\"caption\">Rozte\u010d p\u0159ipojen\u00ed v mm<\/td>\n<td class=\"value\">0<\/td>\n<\/tr>\n<tr class=\"attribute attr_teplota\">\n<td class=\"caption\">Teplota \u00b0C<\/td>\n<td class=\"value\">0<\/td>\n<\/tr>\n<tr class=\"attribute attr_bsshop_e1_VPrBsVykonRad\">\n<td class=\"caption\">V\u00fdkon<\/td>\n<td class=\"value\">400.00<\/td>\n<\/tr>\n<\/tbody>\n<\/table>\n<\/div>\n<div id=\"PdProductGpsr\" class=\"ProductGpsrView v1a v1 bs-view dcon dc217 PdProductGpsr\" >\n<div class=\"subject\"><dc-root class=\"dcon dc219\"><span class=\"title\">Zodpov\u011bdn&#253; subjekt:<\/span><dc-con><dc-con><span class=\"company\">P.M.H. Design s.r.o.<\/span><span class=\"name\">P.M.H. Design<\/span><\/dc-con><dc-con><span class=\"street\">P\u0159&#237;se\u010dn&#225; 556<\/span><span class=\"city\">\u010cesk&#253; Krumlov<\/span><span class=\"zip\">381 01<\/span><span class=\"country\">\u010cesko<\/span><\/dc-con><span class=\"email\">info@pmh-co.cz<\/span><span class=\"phone\">380 711 237<\/span><bs-empty><\/bs-empty><a href=\"https:\/\/www.pmh-co.eu\/\" class=\"link\" target=\"_blank\">https:\/\/www.pmh-co.eu\/<\/a><\/dc-con><bs-empty><\/bs-empty><\/dc-root><\/div>\n<p><bs-empty><\/bs-empty><\/div>\n<\/div>\n<div id=\"e7789771\" class=\"tabs\">\n","protected":false},"excerpt":{"rendered":"<p>Na v\u0161echny koupelnov\u00e9 radi\u00e1tory zna\u010dky P.M.H. po\u017eadujeme 50% z\u00e1lohu!! Topn\u00e1 ty\u010d s rovn\u00fdm kabelem bez ukon\u010den\u00ed. 4stup\u0148ov\u00e1 regulace teploty v rozsahu 30\u00b0\u201360 \u00b0C \u010dasova\u010d START\u2013STOP \u2013 po 2 hodin\u00e1ch se elektrick\u00e9 topn\u00e9 t\u011bleso automaticky vypne (aktivace podr\u017een\u00edm tla\u010d\u00edtka \u201etimer\u201c po dobu cca 4 sekund) \u010dasova\u010d TURBO \u2013 po 2 hodin\u00e1ch se elektrick\u00e9 topn\u00e9 t\u011bleso vr\u00e1t\u00ed [&hellip;]<\/p>\n","protected":false},"featured_media":15228,"comment_status":"open","ping_status":"open","template":"","meta":[],"product_brand":[],"product_cat":[57],"product_tag":[],"class_list":{"0":"post-15128","1":"product","2":"type-product","3":"status-publish","4":"has-post-thumbnail","6":"product_cat-radi-225-tory","8":"first","9":"instock","10":"sale","11":"shipping-taxable","12":"purchasable","13":"product-type-simple"},"yoast_head":"<!-- This site is optimized with the Yoast SEO plugin v26.8 - https:\/\/yoast.com\/product\/yoast-seo-wordpress\/ -->\n<title>Zna\u010dkov\u00fd Topn\u00e1 ty\u010d HT2-RK -<\/title>\n<meta name=\"robots\" content=\"index, follow, max-snippet:-1, max-image-preview:large, max-video-preview:-1\" \/>\n<link rel=\"canonical\" href=\"https:\/\/www.domstavpro.com\/index.php\/produkt\/znackovy-topna-tyc-ht2-rk-15128\/\" \/>\n<meta property=\"og:locale\" content=\"cs_CZ\" \/>\n<meta property=\"og:type\" content=\"article\" \/>\n<meta property=\"og:title\" content=\"Zna\u010dkov\u00fd Topn\u00e1 ty\u010d HT2-RK -\" \/>\n<meta property=\"og:description\" content=\"Na v\u0161echny koupelnov\u00e9 radi\u00e1tory zna\u010dky P.M.H. po\u017eadujeme 50% z\u00e1lohu!! Topn\u00e1 ty\u010d s rovn\u00fdm kabelem bez ukon\u010den\u00ed. 4stup\u0148ov\u00e1 regulace teploty v rozsahu 30\u00b0\u201360 \u00b0C \u010dasova\u010d START\u2013STOP \u2013 po 2 hodin\u00e1ch se elektrick\u00e9 topn\u00e9 t\u011bleso automaticky vypne (aktivace podr\u017een\u00edm tla\u010d\u00edtka \u201etimer\u201c po dobu cca 4 sekund) \u010dasova\u010d TURBO \u2013 po 2 hodin\u00e1ch se elektrick\u00e9 topn\u00e9 t\u011bleso vr\u00e1t\u00ed [&hellip;]\" \/>\n<meta property=\"og:url\" content=\"https:\/\/www.domstavpro.com\/index.php\/produkt\/znackovy-topna-tyc-ht2-rk-15128\/\" \/>\n<meta property=\"og:image\" content=\"https:\/\/www.domstavpro.com\/wp-content\/uploads\/2026\/SK0026737-CZ20260425-093449-0-1777080896-topna-tyc-ht2-rk.webp\" \/>\n\t<meta property=\"og:image:width\" content=\"1000\" \/>\n\t<meta property=\"og:image:height\" content=\"525\" \/>\n\t<meta property=\"og:image:type\" content=\"image\/webp\" \/>\n<meta name=\"twitter:card\" content=\"summary_large_image\" \/>\n<meta name=\"twitter:label1\" content=\"Odhadovan\u00e1 doba \u010dten\u00ed\" \/>\n\t<meta name=\"twitter:data1\" content=\"1 minuta\" \/>\n<script type=\"application\/ld+json\" class=\"yoast-schema-graph\">{\"@context\":\"https:\/\/schema.org\",\"@graph\":[{\"@type\":\"WebPage\",\"@id\":\"https:\/\/www.domstavpro.com\/index.php\/produkt\/znackovy-topna-tyc-ht2-rk-15128\/\",\"url\":\"https:\/\/www.domstavpro.com\/index.php\/produkt\/znackovy-topna-tyc-ht2-rk-15128\/\",\"name\":\"Zna\u010dkov\u00fd Topn\u00e1 ty\u010d HT2-RK -\",\"isPartOf\":{\"@id\":\"https:\/\/www.domstavpro.com\/#website\"},\"primaryImageOfPage\":{\"@id\":\"https:\/\/www.domstavpro.com\/index.php\/produkt\/znackovy-topna-tyc-ht2-rk-15128\/#primaryimage\"},\"image\":{\"@id\":\"https:\/\/www.domstavpro.com\/index.php\/produkt\/znackovy-topna-tyc-ht2-rk-15128\/#primaryimage\"},\"thumbnailUrl\":\"https:\/\/www.domstavpro.com\/wp-content\/uploads\/2026\/SK0026737-CZ20260425-093449-0-1777080896-topna-tyc-ht2-rk.webp\",\"datePublished\":\"2026-04-27T15:08:28+00:00\",\"breadcrumb\":{\"@id\":\"https:\/\/www.domstavpro.com\/index.php\/produkt\/znackovy-topna-tyc-ht2-rk-15128\/#breadcrumb\"},\"inLanguage\":\"cs\",\"potentialAction\":[{\"@type\":\"ReadAction\",\"target\":[\"https:\/\/www.domstavpro.com\/index.php\/produkt\/znackovy-topna-tyc-ht2-rk-15128\/\"]}]},{\"@type\":\"ImageObject\",\"inLanguage\":\"cs\",\"@id\":\"https:\/\/www.domstavpro.com\/index.php\/produkt\/znackovy-topna-tyc-ht2-rk-15128\/#primaryimage\",\"url\":\"https:\/\/www.domstavpro.com\/wp-content\/uploads\/2026\/SK0026737-CZ20260425-093449-0-1777080896-topna-tyc-ht2-rk.webp\",\"contentUrl\":\"https:\/\/www.domstavpro.com\/wp-content\/uploads\/2026\/SK0026737-CZ20260425-093449-0-1777080896-topna-tyc-ht2-rk.webp\",\"width\":1000,\"height\":525},{\"@type\":\"BreadcrumbList\",\"@id\":\"https:\/\/www.domstavpro.com\/index.php\/produkt\/znackovy-topna-tyc-ht2-rk-15128\/#breadcrumb\",\"itemListElement\":[{\"@type\":\"ListItem\",\"position\":1,\"name\":\"Home\",\"item\":\"https:\/\/www.domstavpro.com\/\"},{\"@type\":\"ListItem\",\"position\":2,\"name\":\"Products\",\"item\":\"https:\/\/www.domstavpro.com\/index.php\/products\/\"},{\"@type\":\"ListItem\",\"position\":3,\"name\":\"Zna\u010dkov\u00fd Topn\u00e1 ty\u010d HT2-RK\"}]},{\"@type\":\"WebSite\",\"@id\":\"https:\/\/www.domstavpro.com\/#website\",\"url\":\"https:\/\/www.domstavpro.com\/\",\"name\":\"\",\"description\":\"\",\"potentialAction\":[{\"@type\":\"SearchAction\",\"target\":{\"@type\":\"EntryPoint\",\"urlTemplate\":\"https:\/\/www.domstavpro.com\/?s={search_term_string}\"},\"query-input\":{\"@type\":\"PropertyValueSpecification\",\"valueRequired\":true,\"valueName\":\"search_term_string\"}}],\"inLanguage\":\"cs\"}]}<\/script>\n<!-- \/ Yoast SEO plugin. -->","yoast_head_json":{"title":"Zna\u010dkov\u00fd Topn\u00e1 ty\u010d HT2-RK -","robots":{"index":"index","follow":"follow","max-snippet":"max-snippet:-1","max-image-preview":"max-image-preview:large","max-video-preview":"max-video-preview:-1"},"canonical":"https:\/\/www.domstavpro.com\/index.php\/produkt\/znackovy-topna-tyc-ht2-rk-15128\/","og_locale":"cs_CZ","og_type":"article","og_title":"Zna\u010dkov\u00fd Topn\u00e1 ty\u010d HT2-RK -","og_description":"Na v\u0161echny koupelnov\u00e9 radi\u00e1tory zna\u010dky P.M.H. po\u017eadujeme 50% z\u00e1lohu!! Topn\u00e1 ty\u010d s rovn\u00fdm kabelem bez ukon\u010den\u00ed. 4stup\u0148ov\u00e1 regulace teploty v rozsahu 30\u00b0\u201360 \u00b0C \u010dasova\u010d START\u2013STOP \u2013 po 2 hodin\u00e1ch se elektrick\u00e9 topn\u00e9 t\u011bleso automaticky vypne (aktivace podr\u017een\u00edm tla\u010d\u00edtka \u201etimer\u201c po dobu cca 4 sekund) \u010dasova\u010d TURBO \u2013 po 2 hodin\u00e1ch se elektrick\u00e9 topn\u00e9 t\u011bleso vr\u00e1t\u00ed [&hellip;]","og_url":"https:\/\/www.domstavpro.com\/index.php\/produkt\/znackovy-topna-tyc-ht2-rk-15128\/","og_image":[{"width":1000,"height":525,"url":"https:\/\/www.domstavpro.com\/wp-content\/uploads\/2026\/SK0026737-CZ20260425-093449-0-1777080896-topna-tyc-ht2-rk.webp","type":"image\/webp"}],"twitter_card":"summary_large_image","twitter_misc":{"Odhadovan\u00e1 doba \u010dten\u00ed":"1 minuta"},"schema":{"@context":"https:\/\/schema.org","@graph":[{"@type":"WebPage","@id":"https:\/\/www.domstavpro.com\/index.php\/produkt\/znackovy-topna-tyc-ht2-rk-15128\/","url":"https:\/\/www.domstavpro.com\/index.php\/produkt\/znackovy-topna-tyc-ht2-rk-15128\/","name":"Zna\u010dkov\u00fd Topn\u00e1 ty\u010d HT2-RK -","isPartOf":{"@id":"https:\/\/www.domstavpro.com\/#website"},"primaryImageOfPage":{"@id":"https:\/\/www.domstavpro.com\/index.php\/produkt\/znackovy-topna-tyc-ht2-rk-15128\/#primaryimage"},"image":{"@id":"https:\/\/www.domstavpro.com\/index.php\/produkt\/znackovy-topna-tyc-ht2-rk-15128\/#primaryimage"},"thumbnailUrl":"https:\/\/www.domstavpro.com\/wp-content\/uploads\/2026\/SK0026737-CZ20260425-093449-0-1777080896-topna-tyc-ht2-rk.webp","datePublished":"2026-04-27T15:08:28+00:00","breadcrumb":{"@id":"https:\/\/www.domstavpro.com\/index.php\/produkt\/znackovy-topna-tyc-ht2-rk-15128\/#breadcrumb"},"inLanguage":"cs","potentialAction":[{"@type":"ReadAction","target":["https:\/\/www.domstavpro.com\/index.php\/produkt\/znackovy-topna-tyc-ht2-rk-15128\/"]}]},{"@type":"ImageObject","inLanguage":"cs","@id":"https:\/\/www.domstavpro.com\/index.php\/produkt\/znackovy-topna-tyc-ht2-rk-15128\/#primaryimage","url":"https:\/\/www.domstavpro.com\/wp-content\/uploads\/2026\/SK0026737-CZ20260425-093449-0-1777080896-topna-tyc-ht2-rk.webp","contentUrl":"https:\/\/www.domstavpro.com\/wp-content\/uploads\/2026\/SK0026737-CZ20260425-093449-0-1777080896-topna-tyc-ht2-rk.webp","width":1000,"height":525},{"@type":"BreadcrumbList","@id":"https:\/\/www.domstavpro.com\/index.php\/produkt\/znackovy-topna-tyc-ht2-rk-15128\/#breadcrumb","itemListElement":[{"@type":"ListItem","position":1,"name":"Home","item":"https:\/\/www.domstavpro.com\/"},{"@type":"ListItem","position":2,"name":"Products","item":"https:\/\/www.domstavpro.com\/index.php\/products\/"},{"@type":"ListItem","position":3,"name":"Zna\u010dkov\u00fd Topn\u00e1 ty\u010d HT2-RK"}]},{"@type":"WebSite","@id":"https:\/\/www.domstavpro.com\/#website","url":"https:\/\/www.domstavpro.com\/","name":"","description":"","potentialAction":[{"@type":"SearchAction","target":{"@type":"EntryPoint","urlTemplate":"https:\/\/www.domstavpro.com\/?s={search_term_string}"},"query-input":{"@type":"PropertyValueSpecification","valueRequired":true,"valueName":"search_term_string"}}],"inLanguage":"cs"}]}},"_links":{"self":[{"href":"https:\/\/www.domstavpro.com\/index.php\/wp-json\/wp\/v2\/product\/15128","targetHints":{"allow":["GET"]}}],"collection":[{"href":"https:\/\/www.domstavpro.com\/index.php\/wp-json\/wp\/v2\/product"}],"about":[{"href":"https:\/\/www.domstavpro.com\/index.php\/wp-json\/wp\/v2\/types\/product"}],"replies":[{"embeddable":true,"href":"https:\/\/www.domstavpro.com\/index.php\/wp-json\/wp\/v2\/comments?post=15128"}],"wp:featuredmedia":[{"embeddable":true,"href":"https:\/\/www.domstavpro.com\/index.php\/wp-json\/wp\/v2\/media\/15228"}],"wp:attachment":[{"href":"https:\/\/www.domstavpro.com\/index.php\/wp-json\/wp\/v2\/media?parent=15128"}],"wp:term":[{"taxonomy":"product_brand","embeddable":true,"href":"https:\/\/www.domstavpro.com\/index.php\/wp-json\/wp\/v2\/product_brand?post=15128"},{"taxonomy":"product_cat","embeddable":true,"href":"https:\/\/www.domstavpro.com\/index.php\/wp-json\/wp\/v2\/product_cat?post=15128"},{"taxonomy":"product_tag","embeddable":true,"href":"https:\/\/www.domstavpro.com\/index.php\/wp-json\/wp\/v2\/product_tag?post=15128"}],"curies":[{"name":"wp","href":"https:\/\/api.w.org\/{rel}","templated":true}]}}