{"id":14710,"date":"2026-04-27T15:08:27","date_gmt":"2026-04-27T15:08:27","guid":{"rendered":""},"modified":"2026-04-27T15:08:27","modified_gmt":"2026-04-27T15:08:27","slug":"znackovy-koupelnovy-radiator-pmh-danby-750x940mm-hneda-matna-14710","status":"publish","type":"product","link":"https:\/\/www.domstavpro.com\/index.php\/produkt\/znackovy-koupelnovy-radiator-pmh-danby-750x940mm-hneda-matna-14710\/","title":{"rendered":"Zna\u010dkov\u00fd Koupelnov\u00fd radi\u00e1tor PMH DANBY 750x940mm, Hn\u011bd\u00e1 matn\u00e1"},"content":{"rendered":"<div id=\"e7097412\" class=\"pages\">\n<div>\n<div id=\"PDDescription\" class=\"UserContentView userContent v1a v1 bs-view dcon dc164 PDDescription\" ><dc-con><dc-con><bs-empty><\/bs-empty><\/dc-con><dc-con>        <\/p>\n<div class=\"customDescription\">\n<p><span style=\"color: #ff0000;\"><strong>Na v\u0161echny koupelnov\u00e9 radi\u00e1tory zna\u010dky P.M.H. po\u017eadujeme 50% z\u00e1lohu!!<br \/><\/strong><\/span><\/p>\n<\/p><\/div>\n<p><\/dc-con><dc-con><\/p>\n<p><span style=\"color: #ff0000;\"><strong>Na v\u0161echny koupelnov\u00e9 radi\u00e1tory zna\u010dky P.M.H. po\u017eadujeme 50% z\u00e1lohu!!<br \/><\/strong><\/span><\/p>\n<p><strong>Koupenov\u00fd radi\u00e1tor PMH Danby <\/strong><\/p>\n<p>Pro osobitost a jedine\u010dnost Va\u0161i koupelny nab\u00edz\u00edme eleganci, n\u00e1padit\u00fd design a nejvy\u0161\u0161\u00ed kvalitu.<br \/>Klasick\u00fd koupelnov\u00fd radi\u00e1tor s prohnut\u00fdmi profily. Mo\u017enost p\u0159ipojen\u00ed jak po stran\u00e1ch tak i na st\u0159ed.<br \/>Danby je tvo\u0159en z ocelov\u00fdch trubek o pr\u016fm\u011bru 20 x 1,5 mm a dvou vertik\u00e1ln\u00edch tunelov\u00fdch ocelov\u00fdch profil\u016f 41 x 35 x 1,5 mm.<br \/>Tento jednodu\u0161e nen\u00e1ro\u010dn\u011b tvarovan\u00fd radi\u00e1tor je velmi obl\u00edben\u00fd pro sv\u016fj tradi\u010dn\u00ed a jednouch\u00fd vzhled, vysok\u00fd tepeln\u00fd v\u00fdkon a maxim\u00e1ln\u00ed \u00fasporu prostoru.<br \/>Danby p\u0159inese ka\u017ed\u00e9 m\u00edstnosti styl evropsk\u00e9ho pojet\u00ed.<\/p>\n<p>\u00a0<\/p>\n<div><img decoding=\"async\" width=\"200\" height=\"150\" alt=\"na rozte\u010d\" src=\"https:\/\/www.pmh-co.eu\/ext_apps\/tiny_mce\/phpThumb\/phpThumb.php?f=jpeg&amp;q=95&amp;zc=1&amp;src=https:\/\/www.pmh-co.eu\/galerie\/tinymce\/radiatory\/pripojeni_roztec.jpg&amp;w=200&amp;h=150&amp;bg=ffffff\"> <img decoding=\"async\" width=\"200\" height=\"150\" alt=\"na  jednu stranu\" src=\"https:\/\/www.pmh-co.eu\/ext_apps\/tiny_mce\/phpThumb\/phpThumb.php?f=jpeg&amp;q=95&amp;zc=1&amp;src=https:\/\/www.pmh-co.eu\/galerie\/tinymce\/radiatory\/pripojeni_strana.jpg&amp;w=200&amp;h=150&amp;bg=ffffff\"> <img decoding=\"async\" width=\"200\" height=\"150\" alt=\"na  st\u0159ed\" src=\"https:\/\/www.pmh-co.eu\/ext_apps\/tiny_mce\/phpThumb\/phpThumb.php?f=jpeg&amp;q=95&amp;zc=1&amp;src=https:\/\/www.pmh-co.eu\/galerie\/tinymce\/radiatory\/pripojeni_stred.jpg&amp;w=200&amp;h=150&amp;bg=ffffff\"><\/div>\n<p>\u00a0<\/p>\n<div>\n<div>\u00b7 v\u00fdkon 75\/65\u00b0C 642 W<\/div>\n<\/div>\n<p>\u00a0<\/p>\n<div>\n<div>\u00b7 hmotnost 11,7 kg<\/div>\n<\/div>\n<p>\u00a0<\/p>\n<div>\n<div>\u00b7 objem 6,4 l<\/div>\n<\/div>\n<p>\u00a0<\/p>\n<div>\n<div>\u00b7 rozte\u010d 712 mm \/ 50 mm<\/div>\n<\/div>\n<p>\u00a0<\/p>\n<div>\n<div>\u00b7 dop. v\u00fdkon el. top. ty\u010de 400 W<\/div>\n<\/div>\n<p>\u00a0<\/p>\n<p><\/dc-con><\/dc-con><\/div>\n<\/p><\/div>\n<div id=\"PDTable3\" class=\"ProductDetailTableView v3a v3 bs-view dcon dc185 PDTable3\" >\n<table>\n<thead><\/thead>\n<tbody>\n<tr class=\"attribute attr_pripojeni\">\n<td class=\"caption\">P\u0159ipojen\u00ed<\/td>\n<td class=\"value\">St\u0159edov\u00e9<\/td>\n<\/tr>\n<tr class=\"attribute attr_bsshop_maker\">\n<td class=\"caption\">V\u00fdrobce<\/td>\n<td class=\"value\">P.M.H. Invest &#038; Trade s.r.o.<\/td>\n<\/tr>\n<tr class=\"attribute attr_teplota\">\n<td class=\"caption\">Teplota \u00b0C<\/td>\n<td class=\"value\">438<\/td>\n<\/tr>\n<tr class=\"attribute attr_Roztec attr_pripojeni attr_v attr_mm\">\n<td class=\"caption\">Rozte\u010d p\u0159ipojen\u00ed v mm<\/td>\n<td class=\"value\">712<\/td>\n<\/tr>\n<tr class=\"attribute attr_bsshop_e1_VPrBsVykonRad\">\n<td class=\"caption\">V\u00fdkon<\/td>\n<td class=\"value\">400.00<\/td>\n<\/tr>\n<tr class=\"weight\">\n<td class=\"caption\"><span>Hmotnost<\/span><\/td>\n<td class=\"value\"><span>11,70 kg<\/span><\/td>\n<\/tr>\n<\/tbody>\n<\/table>\n<\/div>\n<div id=\"PdProductGpsr\" class=\"ProductGpsrView v1a v1 bs-view dcon dc217 PdProductGpsr\" >\n<div class=\"subject\"><dc-root class=\"dcon dc219\"><span class=\"title\">Zodpov\u011bdn&#253; subjekt:<\/span><dc-con><dc-con><span class=\"company\">P.M.H. Design s.r.o.<\/span><span class=\"name\">P.M.H. Design<\/span><\/dc-con><dc-con><span class=\"street\">P\u0159&#237;se\u010dn&#225; 556<\/span><span class=\"city\">\u010cesk&#253; Krumlov<\/span><span class=\"zip\">381 01<\/span><span class=\"country\">\u010cesko<\/span><\/dc-con><span class=\"email\">info@pmh-co.cz<\/span><span class=\"phone\">380 711 237<\/span><bs-empty><\/bs-empty><a href=\"https:\/\/www.pmh-co.eu\/\" class=\"link\" target=\"_blank\">https:\/\/www.pmh-co.eu\/<\/a><\/dc-con><bs-empty><\/bs-empty><\/dc-root><\/div>\n<p><bs-empty><\/bs-empty><\/div>\n<\/div>\n<div id=\"e7097413\" class=\"tabs\">\n","protected":false},"excerpt":{"rendered":"<p>Na v\u0161echny koupelnov\u00e9 radi\u00e1tory zna\u010dky P.M.H. po\u017eadujeme 50% z\u00e1lohu!! Na v\u0161echny koupelnov\u00e9 radi\u00e1tory zna\u010dky P.M.H. po\u017eadujeme 50% z\u00e1lohu!! Koupenov\u00fd radi\u00e1tor PMH Danby Pro osobitost a jedine\u010dnost Va\u0161i koupelny nab\u00edz\u00edme eleganci, n\u00e1padit\u00fd design a nejvy\u0161\u0161\u00ed kvalitu.Klasick\u00fd koupelnov\u00fd radi\u00e1tor s prohnut\u00fdmi profily. Mo\u017enost p\u0159ipojen\u00ed jak po stran\u00e1ch tak i na st\u0159ed.Danby je tvo\u0159en z ocelov\u00fdch trubek o [&hellip;]<\/p>\n","protected":false},"featured_media":14810,"comment_status":"open","ping_status":"open","template":"","meta":[],"product_brand":[],"product_cat":[57],"product_tag":[],"class_list":{"0":"post-14710","1":"product","2":"type-product","3":"status-publish","4":"has-post-thumbnail","6":"product_cat-radi-225-tory","8":"first","9":"instock","10":"sale","11":"shipping-taxable","12":"purchasable","13":"product-type-simple"},"yoast_head":"<!-- This site is optimized with the Yoast SEO plugin v26.8 - https:\/\/yoast.com\/product\/yoast-seo-wordpress\/ -->\n<title>Zna\u010dkov\u00fd Koupelnov\u00fd radi\u00e1tor PMH DANBY 750x940mm, Hn\u011bd\u00e1 matn\u00e1 -<\/title>\n<meta name=\"robots\" content=\"index, follow, max-snippet:-1, max-image-preview:large, max-video-preview:-1\" \/>\n<link rel=\"canonical\" href=\"https:\/\/www.domstavpro.com\/index.php\/produkt\/znackovy-koupelnovy-radiator-pmh-danby-750x940mm-hneda-matna-14710\/\" \/>\n<meta property=\"og:locale\" content=\"cs_CZ\" \/>\n<meta property=\"og:type\" content=\"article\" \/>\n<meta property=\"og:title\" content=\"Zna\u010dkov\u00fd Koupelnov\u00fd radi\u00e1tor PMH DANBY 750x940mm, Hn\u011bd\u00e1 matn\u00e1 -\" \/>\n<meta property=\"og:description\" content=\"Na v\u0161echny koupelnov\u00e9 radi\u00e1tory zna\u010dky P.M.H. po\u017eadujeme 50% z\u00e1lohu!! Na v\u0161echny koupelnov\u00e9 radi\u00e1tory zna\u010dky P.M.H. po\u017eadujeme 50% z\u00e1lohu!! Koupenov\u00fd radi\u00e1tor PMH Danby Pro osobitost a jedine\u010dnost Va\u0161i koupelny nab\u00edz\u00edme eleganci, n\u00e1padit\u00fd design a nejvy\u0161\u0161\u00ed kvalitu.Klasick\u00fd koupelnov\u00fd radi\u00e1tor s prohnut\u00fdmi profily. Mo\u017enost p\u0159ipojen\u00ed jak po stran\u00e1ch tak i na st\u0159ed.Danby je tvo\u0159en z ocelov\u00fdch trubek o [&hellip;]\" \/>\n<meta property=\"og:url\" content=\"https:\/\/www.domstavpro.com\/index.php\/produkt\/znackovy-koupelnovy-radiator-pmh-danby-750x940mm-hneda-matna-14710\/\" \/>\n<meta property=\"og:image\" content=\"https:\/\/www.domstavpro.com\/wp-content\/uploads\/2026\/SK0026519-CZ20260425-093449-0-1777080896-koupelnovy-radiator-pmh-danby-750x940mm-hneda-matna.webp\" \/>\n\t<meta property=\"og:image:width\" content=\"1000\" \/>\n\t<meta property=\"og:image:height\" content=\"525\" \/>\n\t<meta property=\"og:image:type\" content=\"image\/webp\" \/>\n<meta name=\"twitter:card\" content=\"summary_large_image\" \/>\n<meta name=\"twitter:label1\" content=\"Odhadovan\u00e1 doba \u010dten\u00ed\" \/>\n\t<meta name=\"twitter:data1\" content=\"1 minuta\" \/>\n<script type=\"application\/ld+json\" class=\"yoast-schema-graph\">{\"@context\":\"https:\/\/schema.org\",\"@graph\":[{\"@type\":\"WebPage\",\"@id\":\"https:\/\/www.domstavpro.com\/index.php\/produkt\/znackovy-koupelnovy-radiator-pmh-danby-750x940mm-hneda-matna-14710\/\",\"url\":\"https:\/\/www.domstavpro.com\/index.php\/produkt\/znackovy-koupelnovy-radiator-pmh-danby-750x940mm-hneda-matna-14710\/\",\"name\":\"Zna\u010dkov\u00fd Koupelnov\u00fd radi\u00e1tor PMH DANBY 750x940mm, Hn\u011bd\u00e1 matn\u00e1 -\",\"isPartOf\":{\"@id\":\"https:\/\/www.domstavpro.com\/#website\"},\"primaryImageOfPage\":{\"@id\":\"https:\/\/www.domstavpro.com\/index.php\/produkt\/znackovy-koupelnovy-radiator-pmh-danby-750x940mm-hneda-matna-14710\/#primaryimage\"},\"image\":{\"@id\":\"https:\/\/www.domstavpro.com\/index.php\/produkt\/znackovy-koupelnovy-radiator-pmh-danby-750x940mm-hneda-matna-14710\/#primaryimage\"},\"thumbnailUrl\":\"https:\/\/www.domstavpro.com\/wp-content\/uploads\/2026\/SK0026519-CZ20260425-093449-0-1777080896-koupelnovy-radiator-pmh-danby-750x940mm-hneda-matna.webp\",\"datePublished\":\"2026-04-27T15:08:27+00:00\",\"breadcrumb\":{\"@id\":\"https:\/\/www.domstavpro.com\/index.php\/produkt\/znackovy-koupelnovy-radiator-pmh-danby-750x940mm-hneda-matna-14710\/#breadcrumb\"},\"inLanguage\":\"cs\",\"potentialAction\":[{\"@type\":\"ReadAction\",\"target\":[\"https:\/\/www.domstavpro.com\/index.php\/produkt\/znackovy-koupelnovy-radiator-pmh-danby-750x940mm-hneda-matna-14710\/\"]}]},{\"@type\":\"ImageObject\",\"inLanguage\":\"cs\",\"@id\":\"https:\/\/www.domstavpro.com\/index.php\/produkt\/znackovy-koupelnovy-radiator-pmh-danby-750x940mm-hneda-matna-14710\/#primaryimage\",\"url\":\"https:\/\/www.domstavpro.com\/wp-content\/uploads\/2026\/SK0026519-CZ20260425-093449-0-1777080896-koupelnovy-radiator-pmh-danby-750x940mm-hneda-matna.webp\",\"contentUrl\":\"https:\/\/www.domstavpro.com\/wp-content\/uploads\/2026\/SK0026519-CZ20260425-093449-0-1777080896-koupelnovy-radiator-pmh-danby-750x940mm-hneda-matna.webp\",\"width\":1000,\"height\":525},{\"@type\":\"BreadcrumbList\",\"@id\":\"https:\/\/www.domstavpro.com\/index.php\/produkt\/znackovy-koupelnovy-radiator-pmh-danby-750x940mm-hneda-matna-14710\/#breadcrumb\",\"itemListElement\":[{\"@type\":\"ListItem\",\"position\":1,\"name\":\"Home\",\"item\":\"https:\/\/www.domstavpro.com\/\"},{\"@type\":\"ListItem\",\"position\":2,\"name\":\"Products\",\"item\":\"https:\/\/www.domstavpro.com\/index.php\/products\/\"},{\"@type\":\"ListItem\",\"position\":3,\"name\":\"Zna\u010dkov\u00fd Koupelnov\u00fd radi\u00e1tor PMH DANBY 750x940mm, Hn\u011bd\u00e1 matn\u00e1\"}]},{\"@type\":\"WebSite\",\"@id\":\"https:\/\/www.domstavpro.com\/#website\",\"url\":\"https:\/\/www.domstavpro.com\/\",\"name\":\"\",\"description\":\"\",\"potentialAction\":[{\"@type\":\"SearchAction\",\"target\":{\"@type\":\"EntryPoint\",\"urlTemplate\":\"https:\/\/www.domstavpro.com\/?s={search_term_string}\"},\"query-input\":{\"@type\":\"PropertyValueSpecification\",\"valueRequired\":true,\"valueName\":\"search_term_string\"}}],\"inLanguage\":\"cs\"}]}<\/script>\n<!-- \/ Yoast SEO plugin. -->","yoast_head_json":{"title":"Zna\u010dkov\u00fd Koupelnov\u00fd radi\u00e1tor PMH DANBY 750x940mm, Hn\u011bd\u00e1 matn\u00e1 -","robots":{"index":"index","follow":"follow","max-snippet":"max-snippet:-1","max-image-preview":"max-image-preview:large","max-video-preview":"max-video-preview:-1"},"canonical":"https:\/\/www.domstavpro.com\/index.php\/produkt\/znackovy-koupelnovy-radiator-pmh-danby-750x940mm-hneda-matna-14710\/","og_locale":"cs_CZ","og_type":"article","og_title":"Zna\u010dkov\u00fd Koupelnov\u00fd radi\u00e1tor PMH DANBY 750x940mm, Hn\u011bd\u00e1 matn\u00e1 -","og_description":"Na v\u0161echny koupelnov\u00e9 radi\u00e1tory zna\u010dky P.M.H. po\u017eadujeme 50% z\u00e1lohu!! Na v\u0161echny koupelnov\u00e9 radi\u00e1tory zna\u010dky P.M.H. po\u017eadujeme 50% z\u00e1lohu!! Koupenov\u00fd radi\u00e1tor PMH Danby Pro osobitost a jedine\u010dnost Va\u0161i koupelny nab\u00edz\u00edme eleganci, n\u00e1padit\u00fd design a nejvy\u0161\u0161\u00ed kvalitu.Klasick\u00fd koupelnov\u00fd radi\u00e1tor s prohnut\u00fdmi profily. Mo\u017enost p\u0159ipojen\u00ed jak po stran\u00e1ch tak i na st\u0159ed.Danby je tvo\u0159en z ocelov\u00fdch trubek o [&hellip;]","og_url":"https:\/\/www.domstavpro.com\/index.php\/produkt\/znackovy-koupelnovy-radiator-pmh-danby-750x940mm-hneda-matna-14710\/","og_image":[{"width":1000,"height":525,"url":"https:\/\/www.domstavpro.com\/wp-content\/uploads\/2026\/SK0026519-CZ20260425-093449-0-1777080896-koupelnovy-radiator-pmh-danby-750x940mm-hneda-matna.webp","type":"image\/webp"}],"twitter_card":"summary_large_image","twitter_misc":{"Odhadovan\u00e1 doba \u010dten\u00ed":"1 minuta"},"schema":{"@context":"https:\/\/schema.org","@graph":[{"@type":"WebPage","@id":"https:\/\/www.domstavpro.com\/index.php\/produkt\/znackovy-koupelnovy-radiator-pmh-danby-750x940mm-hneda-matna-14710\/","url":"https:\/\/www.domstavpro.com\/index.php\/produkt\/znackovy-koupelnovy-radiator-pmh-danby-750x940mm-hneda-matna-14710\/","name":"Zna\u010dkov\u00fd Koupelnov\u00fd radi\u00e1tor PMH DANBY 750x940mm, Hn\u011bd\u00e1 matn\u00e1 -","isPartOf":{"@id":"https:\/\/www.domstavpro.com\/#website"},"primaryImageOfPage":{"@id":"https:\/\/www.domstavpro.com\/index.php\/produkt\/znackovy-koupelnovy-radiator-pmh-danby-750x940mm-hneda-matna-14710\/#primaryimage"},"image":{"@id":"https:\/\/www.domstavpro.com\/index.php\/produkt\/znackovy-koupelnovy-radiator-pmh-danby-750x940mm-hneda-matna-14710\/#primaryimage"},"thumbnailUrl":"https:\/\/www.domstavpro.com\/wp-content\/uploads\/2026\/SK0026519-CZ20260425-093449-0-1777080896-koupelnovy-radiator-pmh-danby-750x940mm-hneda-matna.webp","datePublished":"2026-04-27T15:08:27+00:00","breadcrumb":{"@id":"https:\/\/www.domstavpro.com\/index.php\/produkt\/znackovy-koupelnovy-radiator-pmh-danby-750x940mm-hneda-matna-14710\/#breadcrumb"},"inLanguage":"cs","potentialAction":[{"@type":"ReadAction","target":["https:\/\/www.domstavpro.com\/index.php\/produkt\/znackovy-koupelnovy-radiator-pmh-danby-750x940mm-hneda-matna-14710\/"]}]},{"@type":"ImageObject","inLanguage":"cs","@id":"https:\/\/www.domstavpro.com\/index.php\/produkt\/znackovy-koupelnovy-radiator-pmh-danby-750x940mm-hneda-matna-14710\/#primaryimage","url":"https:\/\/www.domstavpro.com\/wp-content\/uploads\/2026\/SK0026519-CZ20260425-093449-0-1777080896-koupelnovy-radiator-pmh-danby-750x940mm-hneda-matna.webp","contentUrl":"https:\/\/www.domstavpro.com\/wp-content\/uploads\/2026\/SK0026519-CZ20260425-093449-0-1777080896-koupelnovy-radiator-pmh-danby-750x940mm-hneda-matna.webp","width":1000,"height":525},{"@type":"BreadcrumbList","@id":"https:\/\/www.domstavpro.com\/index.php\/produkt\/znackovy-koupelnovy-radiator-pmh-danby-750x940mm-hneda-matna-14710\/#breadcrumb","itemListElement":[{"@type":"ListItem","position":1,"name":"Home","item":"https:\/\/www.domstavpro.com\/"},{"@type":"ListItem","position":2,"name":"Products","item":"https:\/\/www.domstavpro.com\/index.php\/products\/"},{"@type":"ListItem","position":3,"name":"Zna\u010dkov\u00fd Koupelnov\u00fd radi\u00e1tor PMH DANBY 750x940mm, Hn\u011bd\u00e1 matn\u00e1"}]},{"@type":"WebSite","@id":"https:\/\/www.domstavpro.com\/#website","url":"https:\/\/www.domstavpro.com\/","name":"","description":"","potentialAction":[{"@type":"SearchAction","target":{"@type":"EntryPoint","urlTemplate":"https:\/\/www.domstavpro.com\/?s={search_term_string}"},"query-input":{"@type":"PropertyValueSpecification","valueRequired":true,"valueName":"search_term_string"}}],"inLanguage":"cs"}]}},"_links":{"self":[{"href":"https:\/\/www.domstavpro.com\/index.php\/wp-json\/wp\/v2\/product\/14710","targetHints":{"allow":["GET"]}}],"collection":[{"href":"https:\/\/www.domstavpro.com\/index.php\/wp-json\/wp\/v2\/product"}],"about":[{"href":"https:\/\/www.domstavpro.com\/index.php\/wp-json\/wp\/v2\/types\/product"}],"replies":[{"embeddable":true,"href":"https:\/\/www.domstavpro.com\/index.php\/wp-json\/wp\/v2\/comments?post=14710"}],"wp:featuredmedia":[{"embeddable":true,"href":"https:\/\/www.domstavpro.com\/index.php\/wp-json\/wp\/v2\/media\/14810"}],"wp:attachment":[{"href":"https:\/\/www.domstavpro.com\/index.php\/wp-json\/wp\/v2\/media?parent=14710"}],"wp:term":[{"taxonomy":"product_brand","embeddable":true,"href":"https:\/\/www.domstavpro.com\/index.php\/wp-json\/wp\/v2\/product_brand?post=14710"},{"taxonomy":"product_cat","embeddable":true,"href":"https:\/\/www.domstavpro.com\/index.php\/wp-json\/wp\/v2\/product_cat?post=14710"},{"taxonomy":"product_tag","embeddable":true,"href":"https:\/\/www.domstavpro.com\/index.php\/wp-json\/wp\/v2\/product_tag?post=14710"}],"curies":[{"name":"wp","href":"https:\/\/api.w.org\/{rel}","templated":true}]}}