{"id":12142,"date":"2026-04-27T15:08:21","date_gmt":"2026-04-27T15:08:21","guid":{"rendered":""},"modified":"2026-04-27T15:08:21","modified_gmt":"2026-04-27T15:08:21","slug":"akce-dvoudverova-galerka-air-ga2oe-120-n01-bila-lesk-12142","status":"publish","type":"product","link":"https:\/\/www.domstavpro.com\/index.php\/produkt\/akce-dvoudverova-galerka-air-ga2oe-120-n01-bila-lesk-12142\/","title":{"rendered":"Akce Dvoudve\u0159ov\u00e1 galerka AIR GA2OE 120 &#8211; N01 B\u00edl\u00e1 lesk"},"content":{"rendered":"<div class=\"basic-description\">\n<h3>Detailn\u00ed popis produktu<\/h3>\n<p>Zrcadlov\u00e9 sk\u0159\u00edn\u011b jsou obl\u00edben\u00e9, elegantn\u00ed a p\u0159edev\u0161\u00edm velmi praktick\u00e9. V D\u0159evojasu jsme se p\u0159i jejich v\u00fdrob\u011b zam\u011b\u0159ili na to, aby v\u00e1m v<span> <\/span><strong>zp\u0159\u00edjemnily osobn\u00ed hygienu<\/strong><span> <\/span>a celkov\u011b<span> <\/span><strong>zjednodu\u0161ily \u017eivot<\/strong><span> <\/span>v koupeln\u011b. A p\u0159esn\u011b toto um\u00ed galerky \u0159ady<strong><span> <\/span>AIR<\/strong>.<\/p>\n<h2><strong>Parametry galerky<\/strong><\/h2>\n<p><strong>Zrcadlov\u00e1 sk\u0159\u00ed\u0148ka AIR GA2OE 120<\/strong> je vyrobena ve dvoudve\u0159ov\u00e9m proveden\u00ed s <strong>oboustrann\u00fdmi zrcadly.<\/strong> Ta jsou ke korpusu p\u0159ipevn\u011bna pomoc\u00ed<span> <\/span>zna\u010dkov\u00fdch pant\u016f Grass, kter\u00e9 jsou k zrcadl\u016fm p\u0159ichyceny pomoc\u00ed speci\u00e1ln\u00ed, patentem chr\u00e1n\u011bn\u00e9 a v D\u0159evojasu zkonstruovan\u00e9, kovov\u00e9 li\u0161ty.<\/p>\n<h3><strong>Vnit\u0159ek galerky<\/strong><\/h3>\n<p>Vnit\u0159n\u00ed uspo\u0159\u00e1d\u00e1n\u00ed galerky <strong>AIR <\/strong>je \u0159e\u0161eno<span> <strong>\u0161esti <\/strong><\/span><strong>poli\u010dkami vyroben\u00fdmi z pevn\u00e9ho skla<\/strong>. Tyto poli\u010dky lze um\u00edstit v <strong>\u0161esti r\u016fzn\u00fdch v\u00fd\u0161kov\u011b nastaviteln\u00fdch pozic\u00edch<\/strong>.<\/p>\n<h3><strong>LED osv\u011btlen\u00ed<\/strong><\/h3>\n<p><strong>LED osv\u011btlen\u00ed o v\u00fdkonu 24,8 W<\/strong> je um\u00edst\u011bno v horn\u00ed \u010d\u00e1sti galerky, za zrcadlovou li\u0161tou s prop\u00edskovan\u00fdm sklem. Sv\u011btlo se ovl\u00e1d\u00e1 vyp\u00edna\u010dem ve spodn\u00ed \u010d\u00e1sti vnit\u0159ku galerky, kde je tak\u00e9 k dispozici extern\u00ed i<span> <\/span><strong>elektrick\u00e1 z\u00e1suvka (230 V).<span> <\/span><\/strong>Galerka spl\u0148uje kryt\u00ed IP 44.<\/p>\n<h3><strong>Povrchov\u00e9 \u00fapravy<\/strong><\/h3>\n<p>Zrcadlovou sk\u0159\u00ed\u0148ku<span> <\/span><strong>AIR GA2OE 120<\/strong><span> <\/span>lze vyrobit v cel\u00e9 \u0159ad\u011b povrchov\u00fdch \u00faprav. Vybrat si m\u016f\u017eete z mnoha dekor\u016f, d\u0159evodekor\u016f lak\u016f (proveden\u00ed lesk\/mat) nebo mo\u017enost Individual dle vzorn\u00edku RAL\/NCS.<\/p>\n<h2><strong>P\u0159ednosti galerky:<\/strong><\/h2>\n<ul>\n<li>Na galerku se vztahuje na\u0161e<span> <\/span><strong>prodlou\u017een\u00e1 z\u00e1ruka 5 let<\/strong>.<\/li>\n<li>D\u00edky sv\u00e9mu minimalistick\u00e9mu designu se galerka hod\u00ed k jak\u00e9koliv<span> <\/span>umyvadlov\u00e9 sk\u0159\u00ed\u0148ce.<\/li>\n<li>Materi\u00e1l korpusu je vyroben z<span> <\/span><strong>kvalitn\u00edch LTD desek<\/strong>.<\/li>\n<li>Galerka je vybavena \u00fasporn\u00fdm LED osv\u011btlen\u00edm s v\u00fdkonem 24,8 W.<\/li>\n<li>Oboustrann\u00e9 zrcadlo usazeno na<span> <\/span><strong>zna\u010dkov\u00fdch pantech<\/strong>.<\/li>\n<li>Dv\u00ed\u0159ka jsou vybavena zrcadlovou li\u0161tou chr\u00e1n\u011bnou patentem.<\/li>\n<\/ul><\/div>\n","protected":false},"excerpt":{"rendered":"<p>Detailn\u00ed popis produktu Zrcadlov\u00e9 sk\u0159\u00edn\u011b jsou obl\u00edben\u00e9, elegantn\u00ed a p\u0159edev\u0161\u00edm velmi praktick\u00e9. V D\u0159evojasu jsme se p\u0159i jejich v\u00fdrob\u011b zam\u011b\u0159ili na to, aby v\u00e1m v zp\u0159\u00edjemnily osobn\u00ed hygienu a celkov\u011b zjednodu\u0161ily \u017eivot v koupeln\u011b. A p\u0159esn\u011b toto um\u00ed galerky \u0159ady AIR. Parametry galerky Zrcadlov\u00e1 sk\u0159\u00ed\u0148ka AIR GA2OE 120 je vyrobena ve dvoudve\u0159ov\u00e9m proveden\u00ed s oboustrann\u00fdmi [&hellip;]<\/p>\n","protected":false},"featured_media":12242,"comment_status":"open","ping_status":"open","template":"","meta":[],"product_brand":[],"product_cat":[56],"product_tag":[],"class_list":{"0":"post-12142","1":"product","2":"type-product","3":"status-publish","4":"has-post-thumbnail","6":"product_cat-koupelny-a-sanitarni-technika","8":"first","9":"instock","10":"sale","11":"shipping-taxable","12":"purchasable","13":"product-type-simple"},"yoast_head":"<!-- This site is optimized with the Yoast SEO plugin v26.8 - https:\/\/yoast.com\/product\/yoast-seo-wordpress\/ -->\n<title>Akce Dvoudve\u0159ov\u00e1 galerka AIR GA2OE 120 - N01 B\u00edl\u00e1 lesk -<\/title>\n<meta name=\"robots\" content=\"index, follow, max-snippet:-1, max-image-preview:large, max-video-preview:-1\" \/>\n<link rel=\"canonical\" href=\"https:\/\/www.domstavpro.com\/index.php\/produkt\/akce-dvoudverova-galerka-air-ga2oe-120-n01-bila-lesk-12142\/\" \/>\n<meta property=\"og:locale\" content=\"cs_CZ\" \/>\n<meta property=\"og:type\" content=\"article\" \/>\n<meta property=\"og:title\" content=\"Akce Dvoudve\u0159ov\u00e1 galerka AIR GA2OE 120 - N01 B\u00edl\u00e1 lesk -\" \/>\n<meta property=\"og:description\" content=\"Detailn\u00ed popis produktu Zrcadlov\u00e9 sk\u0159\u00edn\u011b jsou obl\u00edben\u00e9, elegantn\u00ed a p\u0159edev\u0161\u00edm velmi praktick\u00e9. V D\u0159evojasu jsme se p\u0159i jejich v\u00fdrob\u011b zam\u011b\u0159ili na to, aby v\u00e1m v zp\u0159\u00edjemnily osobn\u00ed hygienu a celkov\u011b zjednodu\u0161ily \u017eivot v koupeln\u011b. A p\u0159esn\u011b toto um\u00ed galerky \u0159ady AIR. Parametry galerky Zrcadlov\u00e1 sk\u0159\u00ed\u0148ka AIR GA2OE 120 je vyrobena ve dvoudve\u0159ov\u00e9m proveden\u00ed s oboustrann\u00fdmi [&hellip;]\" \/>\n<meta property=\"og:url\" content=\"https:\/\/www.domstavpro.com\/index.php\/produkt\/akce-dvoudverova-galerka-air-ga2oe-120-n01-bila-lesk-12142\/\" \/>\n<meta property=\"og:image\" content=\"https:\/\/www.domstavpro.com\/wp-content\/uploads\/2026\/SK0029419-CZ20260425-093351-0-1777080838-889338-1_dvoudverova-galerka-air-ga2oe-120-n01-bila-lesk.pn.webp\" \/>\n\t<meta property=\"og:image:width\" content=\"1000\" \/>\n\t<meta property=\"og:image:height\" content=\"750\" \/>\n\t<meta property=\"og:image:type\" content=\"image\/webp\" \/>\n<meta name=\"twitter:card\" content=\"summary_large_image\" \/>\n<meta name=\"twitter:label1\" content=\"Odhadovan\u00e1 doba \u010dten\u00ed\" \/>\n\t<meta name=\"twitter:data1\" content=\"2 minuty\" \/>\n<script type=\"application\/ld+json\" class=\"yoast-schema-graph\">{\"@context\":\"https:\/\/schema.org\",\"@graph\":[{\"@type\":\"WebPage\",\"@id\":\"https:\/\/www.domstavpro.com\/index.php\/produkt\/akce-dvoudverova-galerka-air-ga2oe-120-n01-bila-lesk-12142\/\",\"url\":\"https:\/\/www.domstavpro.com\/index.php\/produkt\/akce-dvoudverova-galerka-air-ga2oe-120-n01-bila-lesk-12142\/\",\"name\":\"Akce Dvoudve\u0159ov\u00e1 galerka AIR GA2OE 120 - N01 B\u00edl\u00e1 lesk -\",\"isPartOf\":{\"@id\":\"https:\/\/www.domstavpro.com\/#website\"},\"primaryImageOfPage\":{\"@id\":\"https:\/\/www.domstavpro.com\/index.php\/produkt\/akce-dvoudverova-galerka-air-ga2oe-120-n01-bila-lesk-12142\/#primaryimage\"},\"image\":{\"@id\":\"https:\/\/www.domstavpro.com\/index.php\/produkt\/akce-dvoudverova-galerka-air-ga2oe-120-n01-bila-lesk-12142\/#primaryimage\"},\"thumbnailUrl\":\"https:\/\/www.domstavpro.com\/wp-content\/uploads\/2026\/SK0029419-CZ20260425-093351-0-1777080838-889338-1_dvoudverova-galerka-air-ga2oe-120-n01-bila-lesk.pn.webp\",\"datePublished\":\"2026-04-27T15:08:21+00:00\",\"breadcrumb\":{\"@id\":\"https:\/\/www.domstavpro.com\/index.php\/produkt\/akce-dvoudverova-galerka-air-ga2oe-120-n01-bila-lesk-12142\/#breadcrumb\"},\"inLanguage\":\"cs\",\"potentialAction\":[{\"@type\":\"ReadAction\",\"target\":[\"https:\/\/www.domstavpro.com\/index.php\/produkt\/akce-dvoudverova-galerka-air-ga2oe-120-n01-bila-lesk-12142\/\"]}]},{\"@type\":\"ImageObject\",\"inLanguage\":\"cs\",\"@id\":\"https:\/\/www.domstavpro.com\/index.php\/produkt\/akce-dvoudverova-galerka-air-ga2oe-120-n01-bila-lesk-12142\/#primaryimage\",\"url\":\"https:\/\/www.domstavpro.com\/wp-content\/uploads\/2026\/SK0029419-CZ20260425-093351-0-1777080838-889338-1_dvoudverova-galerka-air-ga2oe-120-n01-bila-lesk.pn.webp\",\"contentUrl\":\"https:\/\/www.domstavpro.com\/wp-content\/uploads\/2026\/SK0029419-CZ20260425-093351-0-1777080838-889338-1_dvoudverova-galerka-air-ga2oe-120-n01-bila-lesk.pn.webp\",\"width\":1000,\"height\":750},{\"@type\":\"BreadcrumbList\",\"@id\":\"https:\/\/www.domstavpro.com\/index.php\/produkt\/akce-dvoudverova-galerka-air-ga2oe-120-n01-bila-lesk-12142\/#breadcrumb\",\"itemListElement\":[{\"@type\":\"ListItem\",\"position\":1,\"name\":\"Home\",\"item\":\"https:\/\/www.domstavpro.com\/\"},{\"@type\":\"ListItem\",\"position\":2,\"name\":\"Products\",\"item\":\"https:\/\/www.domstavpro.com\/index.php\/products\/\"},{\"@type\":\"ListItem\",\"position\":3,\"name\":\"Akce Dvoudve\u0159ov\u00e1 galerka AIR GA2OE 120 &#8211; N01 B\u00edl\u00e1 lesk\"}]},{\"@type\":\"WebSite\",\"@id\":\"https:\/\/www.domstavpro.com\/#website\",\"url\":\"https:\/\/www.domstavpro.com\/\",\"name\":\"\",\"description\":\"\",\"potentialAction\":[{\"@type\":\"SearchAction\",\"target\":{\"@type\":\"EntryPoint\",\"urlTemplate\":\"https:\/\/www.domstavpro.com\/?s={search_term_string}\"},\"query-input\":{\"@type\":\"PropertyValueSpecification\",\"valueRequired\":true,\"valueName\":\"search_term_string\"}}],\"inLanguage\":\"cs\"}]}<\/script>\n<!-- \/ Yoast SEO plugin. -->","yoast_head_json":{"title":"Akce Dvoudve\u0159ov\u00e1 galerka AIR GA2OE 120 - N01 B\u00edl\u00e1 lesk -","robots":{"index":"index","follow":"follow","max-snippet":"max-snippet:-1","max-image-preview":"max-image-preview:large","max-video-preview":"max-video-preview:-1"},"canonical":"https:\/\/www.domstavpro.com\/index.php\/produkt\/akce-dvoudverova-galerka-air-ga2oe-120-n01-bila-lesk-12142\/","og_locale":"cs_CZ","og_type":"article","og_title":"Akce Dvoudve\u0159ov\u00e1 galerka AIR GA2OE 120 - N01 B\u00edl\u00e1 lesk -","og_description":"Detailn\u00ed popis produktu Zrcadlov\u00e9 sk\u0159\u00edn\u011b jsou obl\u00edben\u00e9, elegantn\u00ed a p\u0159edev\u0161\u00edm velmi praktick\u00e9. V D\u0159evojasu jsme se p\u0159i jejich v\u00fdrob\u011b zam\u011b\u0159ili na to, aby v\u00e1m v zp\u0159\u00edjemnily osobn\u00ed hygienu a celkov\u011b zjednodu\u0161ily \u017eivot v koupeln\u011b. A p\u0159esn\u011b toto um\u00ed galerky \u0159ady AIR. Parametry galerky Zrcadlov\u00e1 sk\u0159\u00ed\u0148ka AIR GA2OE 120 je vyrobena ve dvoudve\u0159ov\u00e9m proveden\u00ed s oboustrann\u00fdmi [&hellip;]","og_url":"https:\/\/www.domstavpro.com\/index.php\/produkt\/akce-dvoudverova-galerka-air-ga2oe-120-n01-bila-lesk-12142\/","og_image":[{"width":1000,"height":750,"url":"https:\/\/www.domstavpro.com\/wp-content\/uploads\/2026\/SK0029419-CZ20260425-093351-0-1777080838-889338-1_dvoudverova-galerka-air-ga2oe-120-n01-bila-lesk.pn.webp","type":"image\/webp"}],"twitter_card":"summary_large_image","twitter_misc":{"Odhadovan\u00e1 doba \u010dten\u00ed":"2 minuty"},"schema":{"@context":"https:\/\/schema.org","@graph":[{"@type":"WebPage","@id":"https:\/\/www.domstavpro.com\/index.php\/produkt\/akce-dvoudverova-galerka-air-ga2oe-120-n01-bila-lesk-12142\/","url":"https:\/\/www.domstavpro.com\/index.php\/produkt\/akce-dvoudverova-galerka-air-ga2oe-120-n01-bila-lesk-12142\/","name":"Akce Dvoudve\u0159ov\u00e1 galerka AIR GA2OE 120 - N01 B\u00edl\u00e1 lesk -","isPartOf":{"@id":"https:\/\/www.domstavpro.com\/#website"},"primaryImageOfPage":{"@id":"https:\/\/www.domstavpro.com\/index.php\/produkt\/akce-dvoudverova-galerka-air-ga2oe-120-n01-bila-lesk-12142\/#primaryimage"},"image":{"@id":"https:\/\/www.domstavpro.com\/index.php\/produkt\/akce-dvoudverova-galerka-air-ga2oe-120-n01-bila-lesk-12142\/#primaryimage"},"thumbnailUrl":"https:\/\/www.domstavpro.com\/wp-content\/uploads\/2026\/SK0029419-CZ20260425-093351-0-1777080838-889338-1_dvoudverova-galerka-air-ga2oe-120-n01-bila-lesk.pn.webp","datePublished":"2026-04-27T15:08:21+00:00","breadcrumb":{"@id":"https:\/\/www.domstavpro.com\/index.php\/produkt\/akce-dvoudverova-galerka-air-ga2oe-120-n01-bila-lesk-12142\/#breadcrumb"},"inLanguage":"cs","potentialAction":[{"@type":"ReadAction","target":["https:\/\/www.domstavpro.com\/index.php\/produkt\/akce-dvoudverova-galerka-air-ga2oe-120-n01-bila-lesk-12142\/"]}]},{"@type":"ImageObject","inLanguage":"cs","@id":"https:\/\/www.domstavpro.com\/index.php\/produkt\/akce-dvoudverova-galerka-air-ga2oe-120-n01-bila-lesk-12142\/#primaryimage","url":"https:\/\/www.domstavpro.com\/wp-content\/uploads\/2026\/SK0029419-CZ20260425-093351-0-1777080838-889338-1_dvoudverova-galerka-air-ga2oe-120-n01-bila-lesk.pn.webp","contentUrl":"https:\/\/www.domstavpro.com\/wp-content\/uploads\/2026\/SK0029419-CZ20260425-093351-0-1777080838-889338-1_dvoudverova-galerka-air-ga2oe-120-n01-bila-lesk.pn.webp","width":1000,"height":750},{"@type":"BreadcrumbList","@id":"https:\/\/www.domstavpro.com\/index.php\/produkt\/akce-dvoudverova-galerka-air-ga2oe-120-n01-bila-lesk-12142\/#breadcrumb","itemListElement":[{"@type":"ListItem","position":1,"name":"Home","item":"https:\/\/www.domstavpro.com\/"},{"@type":"ListItem","position":2,"name":"Products","item":"https:\/\/www.domstavpro.com\/index.php\/products\/"},{"@type":"ListItem","position":3,"name":"Akce Dvoudve\u0159ov\u00e1 galerka AIR GA2OE 120 &#8211; N01 B\u00edl\u00e1 lesk"}]},{"@type":"WebSite","@id":"https:\/\/www.domstavpro.com\/#website","url":"https:\/\/www.domstavpro.com\/","name":"","description":"","potentialAction":[{"@type":"SearchAction","target":{"@type":"EntryPoint","urlTemplate":"https:\/\/www.domstavpro.com\/?s={search_term_string}"},"query-input":{"@type":"PropertyValueSpecification","valueRequired":true,"valueName":"search_term_string"}}],"inLanguage":"cs"}]}},"_links":{"self":[{"href":"https:\/\/www.domstavpro.com\/index.php\/wp-json\/wp\/v2\/product\/12142","targetHints":{"allow":["GET"]}}],"collection":[{"href":"https:\/\/www.domstavpro.com\/index.php\/wp-json\/wp\/v2\/product"}],"about":[{"href":"https:\/\/www.domstavpro.com\/index.php\/wp-json\/wp\/v2\/types\/product"}],"replies":[{"embeddable":true,"href":"https:\/\/www.domstavpro.com\/index.php\/wp-json\/wp\/v2\/comments?post=12142"}],"wp:featuredmedia":[{"embeddable":true,"href":"https:\/\/www.domstavpro.com\/index.php\/wp-json\/wp\/v2\/media\/12242"}],"wp:attachment":[{"href":"https:\/\/www.domstavpro.com\/index.php\/wp-json\/wp\/v2\/media?parent=12142"}],"wp:term":[{"taxonomy":"product_brand","embeddable":true,"href":"https:\/\/www.domstavpro.com\/index.php\/wp-json\/wp\/v2\/product_brand?post=12142"},{"taxonomy":"product_cat","embeddable":true,"href":"https:\/\/www.domstavpro.com\/index.php\/wp-json\/wp\/v2\/product_cat?post=12142"},{"taxonomy":"product_tag","embeddable":true,"href":"https:\/\/www.domstavpro.com\/index.php\/wp-json\/wp\/v2\/product_tag?post=12142"}],"curies":[{"name":"wp","href":"https:\/\/api.w.org\/{rel}","templated":true}]}}