{"id":11978,"date":"2026-04-27T15:08:21","date_gmt":"2026-04-27T15:08:21","guid":{"rendered":""},"modified":"2026-04-27T15:08:21","modified_gmt":"2026-04-27T15:08:21","slug":"zrcadlo-vitta-zco-80-expresni-doruceni-11978","status":"publish","type":"product","link":"https:\/\/www.domstavpro.com\/index.php\/produkt\/zrcadlo-vitta-zco-80-expresni-doruceni-11978\/","title":{"rendered":"Zrcadlo VITTA ZCO 80 Expresn\u00ed Doru\u010den\u00ed"},"content":{"rendered":"<div class=\"basic-description\">\n<h3>Detailn\u00ed popis produktu<\/h3>\n<p><span>Ov\u00e1ln\u00e9 zrcadlo <strong>VITTA ZCO 80<\/strong> v\u00e1s oslov\u00ed svoj\u00ed <strong>jednoduchost\u00ed, eleganc\u00ed a mo\u017enostmi<\/strong>, kter\u00e9 nab\u00edz\u00ed. Je vhodn\u00e9 do jak\u00e9koliv koupelny a ocen\u00ed ho zejm\u00e9na ti z v\u00e1s, co d\u00e1vaj\u00ed p\u0159ednost <strong>ladn\u00fdm a obl\u00fdm tvar\u016fm<\/strong> p\u0159ed pravideln\u00fdmi k\u0159ivkami.<\/span><\/p>\n<h2><strong>Parametry zrcadla<\/strong><\/h2>\n<p><span>Zrcadlo <strong>VITTA ZCO 80<\/strong> vyr\u00e1b\u00edme se zabudovan\u00fdm <strong>LED osv\u011btlen\u00edm s v\u00fdkonem 41 W<\/strong>. Velkou v\u00fdhodou zrcadla je mo\u017enost <strong>regulace stm\u00edv\u00e1n\u00ed <\/strong>pomoc\u00ed zabudovan\u00e9ho vyp\u00edna\u010de. Osv\u011btlen\u00ed <strong>spl\u0148uje stupe\u0148 kryt\u00ed IP44<\/strong>. <\/span><\/p>\n<p><span>Samotn\u00e9 zrcadlo je um\u00edst\u011bno na d\u0159ev\u011bn\u00e9m r\u00e1mu v barevn\u00e9m proveden\u00ed <strong>b\u00edl\u00e1 mat.<\/strong> <\/span><\/p>\n<h2><strong>P\u0159ehled v\u00fdhod zrcadla:<\/strong><\/h2>\n<ul>\n<li><span>Zrcadlo m\u00e1 elegantn\u00ed a obl\u00e9 tvary.<\/span><\/li>\n<li><span>Prostor kr\u00e1sn\u011b prosv\u00edt\u00ed zabudovan\u00e9 LED osv\u011btlen\u00ed (41 W).<\/span><\/li>\n<li><span>Zabudovan\u00fd vyp\u00edna\u010d umo\u017e\u0148uje regulovat intenzitu sv\u011btla.<\/span><\/li>\n<\/ul>\n<\/p><\/div>\n","protected":false},"excerpt":{"rendered":"<p>Detailn\u00ed popis produktu Ov\u00e1ln\u00e9 zrcadlo VITTA ZCO 80 v\u00e1s oslov\u00ed svoj\u00ed jednoduchost\u00ed, eleganc\u00ed a mo\u017enostmi, kter\u00e9 nab\u00edz\u00ed. Je vhodn\u00e9 do jak\u00e9koliv koupelny a ocen\u00ed ho zejm\u00e9na ti z v\u00e1s, co d\u00e1vaj\u00ed p\u0159ednost ladn\u00fdm a obl\u00fdm tvar\u016fm p\u0159ed pravideln\u00fdmi k\u0159ivkami. Parametry zrcadla Zrcadlo VITTA ZCO 80 vyr\u00e1b\u00edme se zabudovan\u00fdm LED osv\u011btlen\u00edm s v\u00fdkonem 41 W. Velkou [&hellip;]<\/p>\n","protected":false},"featured_media":12078,"comment_status":"open","ping_status":"open","template":"","meta":[],"product_brand":[],"product_cat":[56],"product_tag":[],"class_list":{"0":"post-11978","1":"product","2":"type-product","3":"status-publish","4":"has-post-thumbnail","6":"product_cat-koupelny-a-sanitarni-technika","8":"first","9":"instock","10":"sale","11":"shipping-taxable","12":"purchasable","13":"product-type-simple"},"yoast_head":"<!-- This site is optimized with the Yoast SEO plugin v26.8 - https:\/\/yoast.com\/product\/yoast-seo-wordpress\/ -->\n<title>Zrcadlo VITTA ZCO 80 Expresn\u00ed Doru\u010den\u00ed -<\/title>\n<meta name=\"robots\" content=\"index, follow, max-snippet:-1, max-image-preview:large, max-video-preview:-1\" \/>\n<link rel=\"canonical\" href=\"https:\/\/www.domstavpro.com\/index.php\/produkt\/zrcadlo-vitta-zco-80-expresni-doruceni-11978\/\" \/>\n<meta property=\"og:locale\" content=\"cs_CZ\" \/>\n<meta property=\"og:type\" content=\"article\" \/>\n<meta property=\"og:title\" content=\"Zrcadlo VITTA ZCO 80 Expresn\u00ed Doru\u010den\u00ed -\" \/>\n<meta property=\"og:description\" content=\"Detailn\u00ed popis produktu Ov\u00e1ln\u00e9 zrcadlo VITTA ZCO 80 v\u00e1s oslov\u00ed svoj\u00ed jednoduchost\u00ed, eleganc\u00ed a mo\u017enostmi, kter\u00e9 nab\u00edz\u00ed. Je vhodn\u00e9 do jak\u00e9koliv koupelny a ocen\u00ed ho zejm\u00e9na ti z v\u00e1s, co d\u00e1vaj\u00ed p\u0159ednost ladn\u00fdm a obl\u00fdm tvar\u016fm p\u0159ed pravideln\u00fdmi k\u0159ivkami. Parametry zrcadla Zrcadlo VITTA ZCO 80 vyr\u00e1b\u00edme se zabudovan\u00fdm LED osv\u011btlen\u00edm s v\u00fdkonem 41 W. Velkou [&hellip;]\" \/>\n<meta property=\"og:url\" content=\"https:\/\/www.domstavpro.com\/index.php\/produkt\/zrcadlo-vitta-zco-80-expresni-doruceni-11978\/\" \/>\n<meta property=\"og:image\" content=\"https:\/\/www.domstavpro.com\/wp-content\/uploads\/2026\/SK0029328-CZ20260425-093351-0-1777080838-889638-1_zrcadlo-vitta-zco-80.webp\" \/>\n\t<meta property=\"og:image:width\" content=\"1000\" \/>\n\t<meta property=\"og:image:height\" content=\"750\" \/>\n\t<meta property=\"og:image:type\" content=\"image\/webp\" \/>\n<meta name=\"twitter:card\" content=\"summary_large_image\" \/>\n<meta name=\"twitter:label1\" content=\"Odhadovan\u00e1 doba \u010dten\u00ed\" \/>\n\t<meta name=\"twitter:data1\" content=\"1 minuta\" \/>\n<script type=\"application\/ld+json\" class=\"yoast-schema-graph\">{\"@context\":\"https:\/\/schema.org\",\"@graph\":[{\"@type\":\"WebPage\",\"@id\":\"https:\/\/www.domstavpro.com\/index.php\/produkt\/zrcadlo-vitta-zco-80-expresni-doruceni-11978\/\",\"url\":\"https:\/\/www.domstavpro.com\/index.php\/produkt\/zrcadlo-vitta-zco-80-expresni-doruceni-11978\/\",\"name\":\"Zrcadlo VITTA ZCO 80 Expresn\u00ed Doru\u010den\u00ed -\",\"isPartOf\":{\"@id\":\"https:\/\/www.domstavpro.com\/#website\"},\"primaryImageOfPage\":{\"@id\":\"https:\/\/www.domstavpro.com\/index.php\/produkt\/zrcadlo-vitta-zco-80-expresni-doruceni-11978\/#primaryimage\"},\"image\":{\"@id\":\"https:\/\/www.domstavpro.com\/index.php\/produkt\/zrcadlo-vitta-zco-80-expresni-doruceni-11978\/#primaryimage\"},\"thumbnailUrl\":\"https:\/\/www.domstavpro.com\/wp-content\/uploads\/2026\/SK0029328-CZ20260425-093351-0-1777080838-889638-1_zrcadlo-vitta-zco-80.webp\",\"datePublished\":\"2026-04-27T15:08:21+00:00\",\"breadcrumb\":{\"@id\":\"https:\/\/www.domstavpro.com\/index.php\/produkt\/zrcadlo-vitta-zco-80-expresni-doruceni-11978\/#breadcrumb\"},\"inLanguage\":\"cs\",\"potentialAction\":[{\"@type\":\"ReadAction\",\"target\":[\"https:\/\/www.domstavpro.com\/index.php\/produkt\/zrcadlo-vitta-zco-80-expresni-doruceni-11978\/\"]}]},{\"@type\":\"ImageObject\",\"inLanguage\":\"cs\",\"@id\":\"https:\/\/www.domstavpro.com\/index.php\/produkt\/zrcadlo-vitta-zco-80-expresni-doruceni-11978\/#primaryimage\",\"url\":\"https:\/\/www.domstavpro.com\/wp-content\/uploads\/2026\/SK0029328-CZ20260425-093351-0-1777080838-889638-1_zrcadlo-vitta-zco-80.webp\",\"contentUrl\":\"https:\/\/www.domstavpro.com\/wp-content\/uploads\/2026\/SK0029328-CZ20260425-093351-0-1777080838-889638-1_zrcadlo-vitta-zco-80.webp\",\"width\":1000,\"height\":750},{\"@type\":\"BreadcrumbList\",\"@id\":\"https:\/\/www.domstavpro.com\/index.php\/produkt\/zrcadlo-vitta-zco-80-expresni-doruceni-11978\/#breadcrumb\",\"itemListElement\":[{\"@type\":\"ListItem\",\"position\":1,\"name\":\"Home\",\"item\":\"https:\/\/www.domstavpro.com\/\"},{\"@type\":\"ListItem\",\"position\":2,\"name\":\"Products\",\"item\":\"https:\/\/www.domstavpro.com\/index.php\/products\/\"},{\"@type\":\"ListItem\",\"position\":3,\"name\":\"Zrcadlo VITTA ZCO 80 Expresn\u00ed Doru\u010den\u00ed\"}]},{\"@type\":\"WebSite\",\"@id\":\"https:\/\/www.domstavpro.com\/#website\",\"url\":\"https:\/\/www.domstavpro.com\/\",\"name\":\"\",\"description\":\"\",\"potentialAction\":[{\"@type\":\"SearchAction\",\"target\":{\"@type\":\"EntryPoint\",\"urlTemplate\":\"https:\/\/www.domstavpro.com\/?s={search_term_string}\"},\"query-input\":{\"@type\":\"PropertyValueSpecification\",\"valueRequired\":true,\"valueName\":\"search_term_string\"}}],\"inLanguage\":\"cs\"}]}<\/script>\n<!-- \/ Yoast SEO plugin. -->","yoast_head_json":{"title":"Zrcadlo VITTA ZCO 80 Expresn\u00ed Doru\u010den\u00ed -","robots":{"index":"index","follow":"follow","max-snippet":"max-snippet:-1","max-image-preview":"max-image-preview:large","max-video-preview":"max-video-preview:-1"},"canonical":"https:\/\/www.domstavpro.com\/index.php\/produkt\/zrcadlo-vitta-zco-80-expresni-doruceni-11978\/","og_locale":"cs_CZ","og_type":"article","og_title":"Zrcadlo VITTA ZCO 80 Expresn\u00ed Doru\u010den\u00ed -","og_description":"Detailn\u00ed popis produktu Ov\u00e1ln\u00e9 zrcadlo VITTA ZCO 80 v\u00e1s oslov\u00ed svoj\u00ed jednoduchost\u00ed, eleganc\u00ed a mo\u017enostmi, kter\u00e9 nab\u00edz\u00ed. Je vhodn\u00e9 do jak\u00e9koliv koupelny a ocen\u00ed ho zejm\u00e9na ti z v\u00e1s, co d\u00e1vaj\u00ed p\u0159ednost ladn\u00fdm a obl\u00fdm tvar\u016fm p\u0159ed pravideln\u00fdmi k\u0159ivkami. Parametry zrcadla Zrcadlo VITTA ZCO 80 vyr\u00e1b\u00edme se zabudovan\u00fdm LED osv\u011btlen\u00edm s v\u00fdkonem 41 W. Velkou [&hellip;]","og_url":"https:\/\/www.domstavpro.com\/index.php\/produkt\/zrcadlo-vitta-zco-80-expresni-doruceni-11978\/","og_image":[{"width":1000,"height":750,"url":"https:\/\/www.domstavpro.com\/wp-content\/uploads\/2026\/SK0029328-CZ20260425-093351-0-1777080838-889638-1_zrcadlo-vitta-zco-80.webp","type":"image\/webp"}],"twitter_card":"summary_large_image","twitter_misc":{"Odhadovan\u00e1 doba \u010dten\u00ed":"1 minuta"},"schema":{"@context":"https:\/\/schema.org","@graph":[{"@type":"WebPage","@id":"https:\/\/www.domstavpro.com\/index.php\/produkt\/zrcadlo-vitta-zco-80-expresni-doruceni-11978\/","url":"https:\/\/www.domstavpro.com\/index.php\/produkt\/zrcadlo-vitta-zco-80-expresni-doruceni-11978\/","name":"Zrcadlo VITTA ZCO 80 Expresn\u00ed Doru\u010den\u00ed -","isPartOf":{"@id":"https:\/\/www.domstavpro.com\/#website"},"primaryImageOfPage":{"@id":"https:\/\/www.domstavpro.com\/index.php\/produkt\/zrcadlo-vitta-zco-80-expresni-doruceni-11978\/#primaryimage"},"image":{"@id":"https:\/\/www.domstavpro.com\/index.php\/produkt\/zrcadlo-vitta-zco-80-expresni-doruceni-11978\/#primaryimage"},"thumbnailUrl":"https:\/\/www.domstavpro.com\/wp-content\/uploads\/2026\/SK0029328-CZ20260425-093351-0-1777080838-889638-1_zrcadlo-vitta-zco-80.webp","datePublished":"2026-04-27T15:08:21+00:00","breadcrumb":{"@id":"https:\/\/www.domstavpro.com\/index.php\/produkt\/zrcadlo-vitta-zco-80-expresni-doruceni-11978\/#breadcrumb"},"inLanguage":"cs","potentialAction":[{"@type":"ReadAction","target":["https:\/\/www.domstavpro.com\/index.php\/produkt\/zrcadlo-vitta-zco-80-expresni-doruceni-11978\/"]}]},{"@type":"ImageObject","inLanguage":"cs","@id":"https:\/\/www.domstavpro.com\/index.php\/produkt\/zrcadlo-vitta-zco-80-expresni-doruceni-11978\/#primaryimage","url":"https:\/\/www.domstavpro.com\/wp-content\/uploads\/2026\/SK0029328-CZ20260425-093351-0-1777080838-889638-1_zrcadlo-vitta-zco-80.webp","contentUrl":"https:\/\/www.domstavpro.com\/wp-content\/uploads\/2026\/SK0029328-CZ20260425-093351-0-1777080838-889638-1_zrcadlo-vitta-zco-80.webp","width":1000,"height":750},{"@type":"BreadcrumbList","@id":"https:\/\/www.domstavpro.com\/index.php\/produkt\/zrcadlo-vitta-zco-80-expresni-doruceni-11978\/#breadcrumb","itemListElement":[{"@type":"ListItem","position":1,"name":"Home","item":"https:\/\/www.domstavpro.com\/"},{"@type":"ListItem","position":2,"name":"Products","item":"https:\/\/www.domstavpro.com\/index.php\/products\/"},{"@type":"ListItem","position":3,"name":"Zrcadlo VITTA ZCO 80 Expresn\u00ed Doru\u010den\u00ed"}]},{"@type":"WebSite","@id":"https:\/\/www.domstavpro.com\/#website","url":"https:\/\/www.domstavpro.com\/","name":"","description":"","potentialAction":[{"@type":"SearchAction","target":{"@type":"EntryPoint","urlTemplate":"https:\/\/www.domstavpro.com\/?s={search_term_string}"},"query-input":{"@type":"PropertyValueSpecification","valueRequired":true,"valueName":"search_term_string"}}],"inLanguage":"cs"}]}},"_links":{"self":[{"href":"https:\/\/www.domstavpro.com\/index.php\/wp-json\/wp\/v2\/product\/11978","targetHints":{"allow":["GET"]}}],"collection":[{"href":"https:\/\/www.domstavpro.com\/index.php\/wp-json\/wp\/v2\/product"}],"about":[{"href":"https:\/\/www.domstavpro.com\/index.php\/wp-json\/wp\/v2\/types\/product"}],"replies":[{"embeddable":true,"href":"https:\/\/www.domstavpro.com\/index.php\/wp-json\/wp\/v2\/comments?post=11978"}],"wp:featuredmedia":[{"embeddable":true,"href":"https:\/\/www.domstavpro.com\/index.php\/wp-json\/wp\/v2\/media\/12078"}],"wp:attachment":[{"href":"https:\/\/www.domstavpro.com\/index.php\/wp-json\/wp\/v2\/media?parent=11978"}],"wp:term":[{"taxonomy":"product_brand","embeddable":true,"href":"https:\/\/www.domstavpro.com\/index.php\/wp-json\/wp\/v2\/product_brand?post=11978"},{"taxonomy":"product_cat","embeddable":true,"href":"https:\/\/www.domstavpro.com\/index.php\/wp-json\/wp\/v2\/product_cat?post=11978"},{"taxonomy":"product_tag","embeddable":true,"href":"https:\/\/www.domstavpro.com\/index.php\/wp-json\/wp\/v2\/product_tag?post=11978"}],"curies":[{"name":"wp","href":"https:\/\/api.w.org\/{rel}","templated":true}]}}