{"id":11693,"date":"2026-04-27T15:08:20","date_gmt":"2026-04-27T15:08:20","guid":{"rendered":""},"modified":"2026-04-27T15:08:20","modified_gmt":"2026-04-27T15:08:20","slug":"koupelnova-skrinka-invence-szz-80-umyvadlo-harmonia-d10-borovice-jackson-d10-borovice-jackson-vyprodej-11693","status":"publish","type":"product","link":"https:\/\/www.domstavpro.com\/index.php\/produkt\/koupelnova-skrinka-invence-szz-80-umyvadlo-harmonia-d10-borovice-jackson-d10-borovice-jackson-vyprodej-11693\/","title":{"rendered":"Koupelnov\u00e1 sk\u0159\u00ed\u0148ka INVENCE SZZ 80 (umyvadlo Harmonia) &#8211; D10 Borovice Jackson \/ D10 Borovice Jackson V\u00fdprodej"},"content":{"rendered":"<div class=\"basic-description\">\n<h3>Detailn\u00ed popis produktu<\/h3>\n<p>Obdivujete kr\u00e1su masivn\u00edho d\u0159eva i neot\u0159el\u00fd a p\u0159itom tak jednoduch\u00fd design? Pak je umyvadlov\u00e1 sk\u0159\u00ed\u0148ka INVENCE kus n\u00e1bytku, kter\u00fd ocen\u00edte ka\u017ed\u00fd den. V<span> <\/span>kolekci INVENCE<span> <\/span>na\u0161i design\u00e9\u0159i zkombinovali jednoduch\u00e9 tvary, kter\u00fdm dominuje<span> <\/span><strong>ergonomicky zkosen\u00e9 \u010delo z\u00e1suvky<\/strong><span> <\/span>a<span> <\/span><strong>bez\u00fachytkov\u00fd syst\u00e9m otev\u00edr\u00e1n\u00ed Push-to-open<\/strong>. A\u010dkoliv sk\u0159\u00ed\u0148ku nab\u00edz\u00edme v \u0161irok\u00e9 nab\u00eddce dekor\u016f, d\u0159evodekor\u016f a mo\u017enostech vzorn\u00edku RAL\/NCS, masivn\u00ed d\u0159evo u v\u011bt\u0161iny z\u00e1kazn\u00edk\u016f st\u00e1le vyhr\u00e1v\u00e1. Co vyhraje u v\u00e1s?<\/p>\n<h2><strong>Parametry sk\u0159\u00ed\u0148ky<\/strong><\/h2>\n<p>Na z\u00e1v\u011bsn\u00e9<span> <\/span><strong>umyvadlov\u00e9 sk\u0159\u00ed\u0148ce INVENCE SZZ 80<\/strong><span> <\/span>v\u00e1s jist\u011b na prvn\u00ed pohled upout\u00e1 zkosen\u00fd design vysok\u00e9 z\u00e1suvky, kter\u00fd vych\u00e1z\u00ed z ergonomick\u00fdch pot\u0159eb dosp\u011bl\u00e9ho \u010dlov\u011bka. Pr\u00e1v\u011b d\u00edky d\u016fmysln\u00e9mu propojen\u00ed designu a ergonomie si u t\u00e9to umyvadlov\u00e9 sk\u0159\u00ed\u0148ky u\u017eijete<span> <\/span><strong>tlumen\u00e9 otev\u00edr\u00e1n\u00ed Push-to-open<\/strong><span> <\/span>na vlastn\u00ed k\u016f\u017ei. Dosp\u011bl\u00fd \u010dlen dom\u00e1cnosti toti\u017e m\u016f\u017ee otev\u00edrat a zav\u00edrat z\u00e1suvku pouze koleny. To si mus\u00edte vyzkou\u0161et v na\u0161em showroomu! Na ve\u0161ker\u00fd koupelnov\u00fd n\u00e1bytek INVENCE z\u00edsk\u00e1te<span> <\/span><strong>prodlou\u017eenou z\u00e1ruku 5 let<\/strong>.<\/p>\n<p>Ov\u0161em v\u011b\u0159\u00edme, \u017ee to co v\u00e1s p\u0159esv\u011bd\u010d\u00ed o spr\u00e1vnosti koup\u011b, je nejen zpracov\u00e1n\u00ed kvalitn\u00edch materi\u00e1l\u016f, ale i zna\u010dkov\u00e9 kov\u00e1n\u00ed Hettich. Tato zna\u010dka je pova\u017eov\u00e1na za \u0161pi\u010dku ve sv\u00e9m oboru. Co\u017e jen potvrzuje<span> <\/span><strong>do\u017eivotn\u00ed z\u00e1ruka na toto kov\u00e1n\u00ed<\/strong>. <\/p>\n<p>Sk\u0159\u00ed\u0148ku INVENCE SZZ 80 vyr\u00e1b\u00edme z masivn\u00edho d\u0159eva ale vybrat si tak\u00e9 m\u016f\u017eete i z mnoha<span> <\/span><strong>d\u0159evodekor\u016f<\/strong>,<span> <\/span><strong>odst\u00edn\u016f beton\u016f<\/strong><span> <\/span>a dal\u0161\u00edch obl\u00edben\u00fdch dekor\u016f \u010di jednobarevn\u00fdch odst\u00edn\u016f ze<span> <\/span>vzorn\u00edku RAL\/NCS. Tato umyvadlov\u00e1 sk\u0159\u00ed\u0148ka p\u0159in\u00e1\u0161\u00ed do va\u0161\u00ed koupelny jak design, tak i praktickou str\u00e1nku, kterou ocen\u00edte p\u0159i ka\u017edodenn\u00edm pou\u017e\u00edv\u00e1n\u00ed.<\/p>\n<h3><strong>Umyvadlo Harmonia v cen\u011b sk\u0159\u00ed\u0148ky INVENCE<\/strong><\/h3>\n<p>Kombinace sk\u0159\u00ed\u0148ky INVENCE se zapu\u0161t\u011bn\u00fdm<span> <\/span>keramick\u00fdm umyvadlem Harmonia 80<span> <\/span>vytv\u00e1\u0159\u00ed p\u0159\u00edjemnou symbi\u00f3zu. Velk\u00fd prostor na ruce s v\u00fd\u0161kou 15 cm ocen\u00ed v\u0161ichni n\u00e1v\u0161t\u011bvn\u00edci koupelny. Stejn\u011b tak i praktick\u00e9 m\u00edsto k odlo\u017een\u00ed drobn\u00fdch p\u0159edm\u011bt\u016f po boc\u00edch i v zadn\u00ed \u010d\u00e1sti. Prst\u00fdnky, elektrick\u00e9 kart\u00e1\u010dky \u010di sklen\u011bn\u00e9 lahvi\u010dky kr\u00e9m\u016f budete m\u00edt b\u011bhem pou\u017e\u00edv\u00e1n\u00ed na dosah a z\u00e1rove\u0148 daleko od vody. K umyvadlu Harmonia si m\u016f\u017eete rovnou vybrat i<span> <\/span>kovovou v\u00fdpus\u0165 Click-Clack nebo n\u011bkter\u00fd z na\u0161ich<span> <\/span>sifon\u016f.<\/p>\n<h3><strong>O\u0161et\u0159en\u00ed koupelnov\u00e9ho n\u00e1bytku z masivu<\/strong><\/h3>\n<p>Koupelnov\u00fd n\u00e1bytek z masivu vyroben\u00fd po 1. 10. 2022 je v\u017edy o\u0161et\u0159en<span> <\/span><strong>tenk\u00fdm transparentn\u00edm lakem pro vy\u0161\u0161\u00ed odolnost<\/strong>. Pokud jste si vybrali sk\u0159\u00ed\u0148ku vyrobenou p\u0159ed t\u00edmto datem, pak do ko\u0161\u00edku nezapome\u0148te p\u0159idat<span> <\/span>speci\u00e1ln\u00ed olejovosk, kter\u00fdm doporu\u010dujeme sk\u0159\u00ed\u0148ku po<span> <\/span><strong>6 m\u011bs\u00edc\u00edch o\u0161et\u0159it<\/strong>. Pokud byste m\u011bli jak\u00e9koliv dotazy, obra\u0165te se na na\u0161i z\u00e1kaznickou podporu.<\/p>\n<h2><strong>Pro\u010d si zamilujete tuto sk\u0159\u00ed\u0148ku:<\/strong><\/h2>\n<ul>\n<li>do\u017eivotn\u00ed z\u00e1ruka na kov\u00e1n\u00ed Hettich<\/li>\n<li>ergonomicky <span>zkosen\u00e9 \u010delo z\u00e1suvky<\/span><\/li>\n<li>otev\u00edr\u00e1n\u00ed pouh\u00fdm dotykem Push-to-open<\/li>\n<li>prodlou\u017een\u00e1 z\u00e1ruka 5 let na celou sk\u0159\u00ed\u0148ku v\u010detn\u011b umyvadla<\/li>\n<li>v\u00fdb\u011br z mnoha dekor\u016f, barev, d\u0159evodekor\u016f i masivn\u00edho d\u0159eva<\/li>\n<li>zapu\u0161t\u011bn\u00e9 keramick\u00e9 umyvadlo Harmonia v cen\u011b sk\u0159\u00ed\u0148ky INVENCE<\/li>\n<\/ul>\n<h3><strong>Ve\u0161ker\u00fd n\u00e1bytek do koupelny nakoup\u00edte v D\u0159evojasu<\/strong><\/h3>\n<p>V kolekci INVENCE najdete i dal\u0161\u00ed kousky n\u00e1bytku, kter\u00e9 dolad\u00ed va\u0161i koupelnu a vytvo\u0159\u00ed tak dostatek \u00falo\u017en\u00e9ho m\u00edsta. Vysok\u00e1<span> <\/span>sk\u0159\u00ed\u0148ka INVENCE SVD2O 35, ve stejn\u00e9m odst\u00ednu jako umyvadlov\u00e1 sk\u0159\u00ed\u0148ka, vypad\u00e1 skv\u011ble nejen zvenku, ale i zevnit\u0159. Jist\u011b ocen\u00edte sklen\u011bn\u00e9 poli\u010dky, kter\u00e9 v\u00e1m dop\u0159ej\u00ed v\u011bt\u0161\u00ed p\u0159ehled o ulo\u017een\u00fdch p\u0159edm\u011btech. T\u00edm ale nekon\u010d\u00edme! Vybrat si m\u016f\u017eete i z<span> <\/span>n\u00edzk\u00e9<span> <\/span>\u010di<span> <\/span>horn\u00ed z\u00e1v\u011bsn\u00e9 sk\u0159\u00ed\u0148ky, polic a tak\u00e9<span> <\/span>zrcadel v designu INVENCE.<\/p>\n<h3><strong>Jednoduch\u00e1 mont\u00e1\u017e i pomoc na dosah<\/strong><\/h3>\n<p>Mont\u00e1\u017ee se nemus\u00edte ob\u00e1vat. Sk\u0159\u00ed\u0148ky z D\u0159evojasu voz\u00edme profesion\u00e1ln\u011b smontovan\u00e9 a v\u00e1s tak \u010dek\u00e1 pouze instalace do koupelny. Ve\u0161ker\u00e9 rozm\u011bry i p\u0159\u00edpadnou stavebn\u00ed p\u0159\u00edpravu najdete ke sta\u017een\u00ed v detailu produktu. A pokud by p\u0159ece jen nastal probl\u00e9m, na\u0161e<span> <\/span>Poradna<span> <\/span>je velice obs\u00e1hl\u00e1. <\/p>\n<\/p><\/div>\n","protected":false},"excerpt":{"rendered":"<p>Detailn\u00ed popis produktu Obdivujete kr\u00e1su masivn\u00edho d\u0159eva i neot\u0159el\u00fd a p\u0159itom tak jednoduch\u00fd design? Pak je umyvadlov\u00e1 sk\u0159\u00ed\u0148ka INVENCE kus n\u00e1bytku, kter\u00fd ocen\u00edte ka\u017ed\u00fd den. V kolekci INVENCE na\u0161i design\u00e9\u0159i zkombinovali jednoduch\u00e9 tvary, kter\u00fdm dominuje ergonomicky zkosen\u00e9 \u010delo z\u00e1suvky a bez\u00fachytkov\u00fd syst\u00e9m otev\u00edr\u00e1n\u00ed Push-to-open. A\u010dkoliv sk\u0159\u00ed\u0148ku nab\u00edz\u00edme v \u0161irok\u00e9 nab\u00eddce dekor\u016f, d\u0159evodekor\u016f a mo\u017enostech vzorn\u00edku [&hellip;]<\/p>\n","protected":false},"featured_media":11793,"comment_status":"open","ping_status":"open","template":"","meta":[],"product_brand":[],"product_cat":[56],"product_tag":[],"class_list":{"0":"post-11693","1":"product","2":"type-product","3":"status-publish","4":"has-post-thumbnail","6":"product_cat-koupelny-a-sanitarni-technika","8":"first","9":"instock","10":"sale","11":"shipping-taxable","12":"purchasable","13":"product-type-simple"},"yoast_head":"<!-- This site is optimized with the Yoast SEO plugin v26.8 - https:\/\/yoast.com\/product\/yoast-seo-wordpress\/ -->\n<title>Koupelnov\u00e1 sk\u0159\u00ed\u0148ka INVENCE SZZ 80 (umyvadlo Harmonia) - D10 Borovice Jackson \/ D10 Borovice Jackson V\u00fdprodej -<\/title>\n<meta name=\"robots\" content=\"index, follow, max-snippet:-1, max-image-preview:large, max-video-preview:-1\" \/>\n<link rel=\"canonical\" href=\"https:\/\/www.domstavpro.com\/index.php\/produkt\/koupelnova-skrinka-invence-szz-80-umyvadlo-harmonia-d10-borovice-jackson-d10-borovice-jackson-vyprodej-11693\/\" \/>\n<meta property=\"og:locale\" content=\"cs_CZ\" \/>\n<meta property=\"og:type\" content=\"article\" \/>\n<meta property=\"og:title\" content=\"Koupelnov\u00e1 sk\u0159\u00ed\u0148ka INVENCE SZZ 80 (umyvadlo Harmonia) - D10 Borovice Jackson \/ D10 Borovice Jackson V\u00fdprodej -\" \/>\n<meta property=\"og:description\" content=\"Detailn\u00ed popis produktu Obdivujete kr\u00e1su masivn\u00edho d\u0159eva i neot\u0159el\u00fd a p\u0159itom tak jednoduch\u00fd design? Pak je umyvadlov\u00e1 sk\u0159\u00ed\u0148ka INVENCE kus n\u00e1bytku, kter\u00fd ocen\u00edte ka\u017ed\u00fd den. V kolekci INVENCE na\u0161i design\u00e9\u0159i zkombinovali jednoduch\u00e9 tvary, kter\u00fdm dominuje ergonomicky zkosen\u00e9 \u010delo z\u00e1suvky a bez\u00fachytkov\u00fd syst\u00e9m otev\u00edr\u00e1n\u00ed Push-to-open. A\u010dkoliv sk\u0159\u00ed\u0148ku nab\u00edz\u00edme v \u0161irok\u00e9 nab\u00eddce dekor\u016f, d\u0159evodekor\u016f a mo\u017enostech vzorn\u00edku [&hellip;]\" \/>\n<meta property=\"og:url\" content=\"https:\/\/www.domstavpro.com\/index.php\/produkt\/koupelnova-skrinka-invence-szz-80-umyvadlo-harmonia-d10-borovice-jackson-d10-borovice-jackson-vyprodej-11693\/\" \/>\n<meta property=\"og:image\" content=\"https:\/\/www.domstavpro.com\/wp-content\/uploads\/2026\/SK0028995-CZ20260425-093351-0-1777080838-890742_koupelnova-skrinka-invence-szz-80--umyvadlo-harmonia.webp\" \/>\n\t<meta property=\"og:image:width\" content=\"1000\" \/>\n\t<meta property=\"og:image:height\" content=\"750\" \/>\n\t<meta property=\"og:image:type\" content=\"image\/webp\" \/>\n<meta name=\"twitter:card\" content=\"summary_large_image\" \/>\n<meta name=\"twitter:label1\" content=\"Odhadovan\u00e1 doba \u010dten\u00ed\" \/>\n\t<meta name=\"twitter:data1\" content=\"4 minuty\" \/>\n<script type=\"application\/ld+json\" class=\"yoast-schema-graph\">{\"@context\":\"https:\/\/schema.org\",\"@graph\":[{\"@type\":\"WebPage\",\"@id\":\"https:\/\/www.domstavpro.com\/index.php\/produkt\/koupelnova-skrinka-invence-szz-80-umyvadlo-harmonia-d10-borovice-jackson-d10-borovice-jackson-vyprodej-11693\/\",\"url\":\"https:\/\/www.domstavpro.com\/index.php\/produkt\/koupelnova-skrinka-invence-szz-80-umyvadlo-harmonia-d10-borovice-jackson-d10-borovice-jackson-vyprodej-11693\/\",\"name\":\"Koupelnov\u00e1 sk\u0159\u00ed\u0148ka INVENCE SZZ 80 (umyvadlo Harmonia) - D10 Borovice Jackson \/ D10 Borovice Jackson V\u00fdprodej -\",\"isPartOf\":{\"@id\":\"https:\/\/www.domstavpro.com\/#website\"},\"primaryImageOfPage\":{\"@id\":\"https:\/\/www.domstavpro.com\/index.php\/produkt\/koupelnova-skrinka-invence-szz-80-umyvadlo-harmonia-d10-borovice-jackson-d10-borovice-jackson-vyprodej-11693\/#primaryimage\"},\"image\":{\"@id\":\"https:\/\/www.domstavpro.com\/index.php\/produkt\/koupelnova-skrinka-invence-szz-80-umyvadlo-harmonia-d10-borovice-jackson-d10-borovice-jackson-vyprodej-11693\/#primaryimage\"},\"thumbnailUrl\":\"https:\/\/www.domstavpro.com\/wp-content\/uploads\/2026\/SK0028995-CZ20260425-093351-0-1777080838-890742_koupelnova-skrinka-invence-szz-80--umyvadlo-harmonia.webp\",\"datePublished\":\"2026-04-27T15:08:20+00:00\",\"breadcrumb\":{\"@id\":\"https:\/\/www.domstavpro.com\/index.php\/produkt\/koupelnova-skrinka-invence-szz-80-umyvadlo-harmonia-d10-borovice-jackson-d10-borovice-jackson-vyprodej-11693\/#breadcrumb\"},\"inLanguage\":\"cs\",\"potentialAction\":[{\"@type\":\"ReadAction\",\"target\":[\"https:\/\/www.domstavpro.com\/index.php\/produkt\/koupelnova-skrinka-invence-szz-80-umyvadlo-harmonia-d10-borovice-jackson-d10-borovice-jackson-vyprodej-11693\/\"]}]},{\"@type\":\"ImageObject\",\"inLanguage\":\"cs\",\"@id\":\"https:\/\/www.domstavpro.com\/index.php\/produkt\/koupelnova-skrinka-invence-szz-80-umyvadlo-harmonia-d10-borovice-jackson-d10-borovice-jackson-vyprodej-11693\/#primaryimage\",\"url\":\"https:\/\/www.domstavpro.com\/wp-content\/uploads\/2026\/SK0028995-CZ20260425-093351-0-1777080838-890742_koupelnova-skrinka-invence-szz-80--umyvadlo-harmonia.webp\",\"contentUrl\":\"https:\/\/www.domstavpro.com\/wp-content\/uploads\/2026\/SK0028995-CZ20260425-093351-0-1777080838-890742_koupelnova-skrinka-invence-szz-80--umyvadlo-harmonia.webp\",\"width\":1000,\"height\":750},{\"@type\":\"BreadcrumbList\",\"@id\":\"https:\/\/www.domstavpro.com\/index.php\/produkt\/koupelnova-skrinka-invence-szz-80-umyvadlo-harmonia-d10-borovice-jackson-d10-borovice-jackson-vyprodej-11693\/#breadcrumb\",\"itemListElement\":[{\"@type\":\"ListItem\",\"position\":1,\"name\":\"Home\",\"item\":\"https:\/\/www.domstavpro.com\/\"},{\"@type\":\"ListItem\",\"position\":2,\"name\":\"Products\",\"item\":\"https:\/\/www.domstavpro.com\/index.php\/products\/\"},{\"@type\":\"ListItem\",\"position\":3,\"name\":\"Koupelnov\u00e1 sk\u0159\u00ed\u0148ka INVENCE SZZ 80 (umyvadlo Harmonia) &#8211; D10 Borovice Jackson \/ D10 Borovice Jackson V\u00fdprodej\"}]},{\"@type\":\"WebSite\",\"@id\":\"https:\/\/www.domstavpro.com\/#website\",\"url\":\"https:\/\/www.domstavpro.com\/\",\"name\":\"\",\"description\":\"\",\"potentialAction\":[{\"@type\":\"SearchAction\",\"target\":{\"@type\":\"EntryPoint\",\"urlTemplate\":\"https:\/\/www.domstavpro.com\/?s={search_term_string}\"},\"query-input\":{\"@type\":\"PropertyValueSpecification\",\"valueRequired\":true,\"valueName\":\"search_term_string\"}}],\"inLanguage\":\"cs\"}]}<\/script>\n<!-- \/ Yoast SEO plugin. -->","yoast_head_json":{"title":"Koupelnov\u00e1 sk\u0159\u00ed\u0148ka INVENCE SZZ 80 (umyvadlo Harmonia) - D10 Borovice Jackson \/ D10 Borovice Jackson V\u00fdprodej -","robots":{"index":"index","follow":"follow","max-snippet":"max-snippet:-1","max-image-preview":"max-image-preview:large","max-video-preview":"max-video-preview:-1"},"canonical":"https:\/\/www.domstavpro.com\/index.php\/produkt\/koupelnova-skrinka-invence-szz-80-umyvadlo-harmonia-d10-borovice-jackson-d10-borovice-jackson-vyprodej-11693\/","og_locale":"cs_CZ","og_type":"article","og_title":"Koupelnov\u00e1 sk\u0159\u00ed\u0148ka INVENCE SZZ 80 (umyvadlo Harmonia) - D10 Borovice Jackson \/ D10 Borovice Jackson V\u00fdprodej -","og_description":"Detailn\u00ed popis produktu Obdivujete kr\u00e1su masivn\u00edho d\u0159eva i neot\u0159el\u00fd a p\u0159itom tak jednoduch\u00fd design? Pak je umyvadlov\u00e1 sk\u0159\u00ed\u0148ka INVENCE kus n\u00e1bytku, kter\u00fd ocen\u00edte ka\u017ed\u00fd den. V kolekci INVENCE na\u0161i design\u00e9\u0159i zkombinovali jednoduch\u00e9 tvary, kter\u00fdm dominuje ergonomicky zkosen\u00e9 \u010delo z\u00e1suvky a bez\u00fachytkov\u00fd syst\u00e9m otev\u00edr\u00e1n\u00ed Push-to-open. A\u010dkoliv sk\u0159\u00ed\u0148ku nab\u00edz\u00edme v \u0161irok\u00e9 nab\u00eddce dekor\u016f, d\u0159evodekor\u016f a mo\u017enostech vzorn\u00edku [&hellip;]","og_url":"https:\/\/www.domstavpro.com\/index.php\/produkt\/koupelnova-skrinka-invence-szz-80-umyvadlo-harmonia-d10-borovice-jackson-d10-borovice-jackson-vyprodej-11693\/","og_image":[{"width":1000,"height":750,"url":"https:\/\/www.domstavpro.com\/wp-content\/uploads\/2026\/SK0028995-CZ20260425-093351-0-1777080838-890742_koupelnova-skrinka-invence-szz-80--umyvadlo-harmonia.webp","type":"image\/webp"}],"twitter_card":"summary_large_image","twitter_misc":{"Odhadovan\u00e1 doba \u010dten\u00ed":"4 minuty"},"schema":{"@context":"https:\/\/schema.org","@graph":[{"@type":"WebPage","@id":"https:\/\/www.domstavpro.com\/index.php\/produkt\/koupelnova-skrinka-invence-szz-80-umyvadlo-harmonia-d10-borovice-jackson-d10-borovice-jackson-vyprodej-11693\/","url":"https:\/\/www.domstavpro.com\/index.php\/produkt\/koupelnova-skrinka-invence-szz-80-umyvadlo-harmonia-d10-borovice-jackson-d10-borovice-jackson-vyprodej-11693\/","name":"Koupelnov\u00e1 sk\u0159\u00ed\u0148ka INVENCE SZZ 80 (umyvadlo Harmonia) - D10 Borovice Jackson \/ D10 Borovice Jackson V\u00fdprodej -","isPartOf":{"@id":"https:\/\/www.domstavpro.com\/#website"},"primaryImageOfPage":{"@id":"https:\/\/www.domstavpro.com\/index.php\/produkt\/koupelnova-skrinka-invence-szz-80-umyvadlo-harmonia-d10-borovice-jackson-d10-borovice-jackson-vyprodej-11693\/#primaryimage"},"image":{"@id":"https:\/\/www.domstavpro.com\/index.php\/produkt\/koupelnova-skrinka-invence-szz-80-umyvadlo-harmonia-d10-borovice-jackson-d10-borovice-jackson-vyprodej-11693\/#primaryimage"},"thumbnailUrl":"https:\/\/www.domstavpro.com\/wp-content\/uploads\/2026\/SK0028995-CZ20260425-093351-0-1777080838-890742_koupelnova-skrinka-invence-szz-80--umyvadlo-harmonia.webp","datePublished":"2026-04-27T15:08:20+00:00","breadcrumb":{"@id":"https:\/\/www.domstavpro.com\/index.php\/produkt\/koupelnova-skrinka-invence-szz-80-umyvadlo-harmonia-d10-borovice-jackson-d10-borovice-jackson-vyprodej-11693\/#breadcrumb"},"inLanguage":"cs","potentialAction":[{"@type":"ReadAction","target":["https:\/\/www.domstavpro.com\/index.php\/produkt\/koupelnova-skrinka-invence-szz-80-umyvadlo-harmonia-d10-borovice-jackson-d10-borovice-jackson-vyprodej-11693\/"]}]},{"@type":"ImageObject","inLanguage":"cs","@id":"https:\/\/www.domstavpro.com\/index.php\/produkt\/koupelnova-skrinka-invence-szz-80-umyvadlo-harmonia-d10-borovice-jackson-d10-borovice-jackson-vyprodej-11693\/#primaryimage","url":"https:\/\/www.domstavpro.com\/wp-content\/uploads\/2026\/SK0028995-CZ20260425-093351-0-1777080838-890742_koupelnova-skrinka-invence-szz-80--umyvadlo-harmonia.webp","contentUrl":"https:\/\/www.domstavpro.com\/wp-content\/uploads\/2026\/SK0028995-CZ20260425-093351-0-1777080838-890742_koupelnova-skrinka-invence-szz-80--umyvadlo-harmonia.webp","width":1000,"height":750},{"@type":"BreadcrumbList","@id":"https:\/\/www.domstavpro.com\/index.php\/produkt\/koupelnova-skrinka-invence-szz-80-umyvadlo-harmonia-d10-borovice-jackson-d10-borovice-jackson-vyprodej-11693\/#breadcrumb","itemListElement":[{"@type":"ListItem","position":1,"name":"Home","item":"https:\/\/www.domstavpro.com\/"},{"@type":"ListItem","position":2,"name":"Products","item":"https:\/\/www.domstavpro.com\/index.php\/products\/"},{"@type":"ListItem","position":3,"name":"Koupelnov\u00e1 sk\u0159\u00ed\u0148ka INVENCE SZZ 80 (umyvadlo Harmonia) &#8211; D10 Borovice Jackson \/ D10 Borovice Jackson V\u00fdprodej"}]},{"@type":"WebSite","@id":"https:\/\/www.domstavpro.com\/#website","url":"https:\/\/www.domstavpro.com\/","name":"","description":"","potentialAction":[{"@type":"SearchAction","target":{"@type":"EntryPoint","urlTemplate":"https:\/\/www.domstavpro.com\/?s={search_term_string}"},"query-input":{"@type":"PropertyValueSpecification","valueRequired":true,"valueName":"search_term_string"}}],"inLanguage":"cs"}]}},"_links":{"self":[{"href":"https:\/\/www.domstavpro.com\/index.php\/wp-json\/wp\/v2\/product\/11693","targetHints":{"allow":["GET"]}}],"collection":[{"href":"https:\/\/www.domstavpro.com\/index.php\/wp-json\/wp\/v2\/product"}],"about":[{"href":"https:\/\/www.domstavpro.com\/index.php\/wp-json\/wp\/v2\/types\/product"}],"replies":[{"embeddable":true,"href":"https:\/\/www.domstavpro.com\/index.php\/wp-json\/wp\/v2\/comments?post=11693"}],"wp:featuredmedia":[{"embeddable":true,"href":"https:\/\/www.domstavpro.com\/index.php\/wp-json\/wp\/v2\/media\/11793"}],"wp:attachment":[{"href":"https:\/\/www.domstavpro.com\/index.php\/wp-json\/wp\/v2\/media?parent=11693"}],"wp:term":[{"taxonomy":"product_brand","embeddable":true,"href":"https:\/\/www.domstavpro.com\/index.php\/wp-json\/wp\/v2\/product_brand?post=11693"},{"taxonomy":"product_cat","embeddable":true,"href":"https:\/\/www.domstavpro.com\/index.php\/wp-json\/wp\/v2\/product_cat?post=11693"},{"taxonomy":"product_tag","embeddable":true,"href":"https:\/\/www.domstavpro.com\/index.php\/wp-json\/wp\/v2\/product_tag?post=11693"}],"curies":[{"name":"wp","href":"https:\/\/api.w.org\/{rel}","templated":true}]}}